{"id":1264,"date":"2019-12-09T12:16:08","date_gmt":"2019-12-09T12:16:08","guid":{"rendered":"https:\/\/rejs.al\/?post_type=product&#038;p=1264"},"modified":"2021-01-13T14:10:10","modified_gmt":"2021-01-13T14:10:10","slug":"jasteke-egjeu-pa-vakum","status":"publish","type":"product","link":"https:\/\/aegean.al\/index.php\/product\/jasteke-egjeu-pa-vakum\/","title":{"rendered":"Jasteke Egjeu (pa vakum)"},"content":{"rendered":"<p>Jasteku vjen ne permasat:<\/p>\n<ul>\n<li>50\u00d770 cm<\/li>\n<li>50\u00d780 cm<\/li>\n<li>60\u00d780 cm<\/li>\n<\/ul>\n","protected":false},"excerpt":{"rendered":"<p>&nbsp;<\/p>\n<p>Mbushja: Fibra mikroines ose ndryshe fibra bimore<\/p>\n<p>Copa: 100% Pambuk Perkal me veti antialergjike, ju siguron t\u00eb p\u00ebrjetoni but\u00ebsin\u00eb optimale gjate kohes qe flini.<\/p>\n<p>&nbsp;<\/p>\n","protected":false},"featured_media":280,"template":"","meta":[],"product_brand":[],"product_cat":[20,35],"product_tag":[],"class_list":{"0":"post-1264","1":"product","2":"type-product","3":"status-publish","4":"has-post-thumbnail","6":"product_cat-dhome-gjumi-jasteke","7":"product_cat-hoteleri-jasteke","8":"description-off","10":"first","11":"instock","12":"shipping-taxable","13":"product-type-simple"},"_links":{"self":[{"href":"https:\/\/aegean.al\/index.php\/wp-json\/wp\/v2\/product\/1264","targetHints":{"allow":["GET"]}}],"collection":[{"href":"https:\/\/aegean.al\/index.php\/wp-json\/wp\/v2\/product"}],"about":[{"href":"https:\/\/aegean.al\/index.php\/wp-json\/wp\/v2\/types\/product"}],"wp:featuredmedia":[{"embeddable":true,"href":"https:\/\/aegean.al\/index.php\/wp-json\/wp\/v2\/media\/280"}],"wp:attachment":[{"href":"https:\/\/aegean.al\/index.php\/wp-json\/wp\/v2\/media?parent=1264"}],"wp:term":[{"taxonomy":"product_brand","embeddable":true,"href":"https:\/\/aegean.al\/index.php\/wp-json\/wp\/v2\/product_brand?post=1264"},{"taxonomy":"product_cat","embeddable":true,"href":"https:\/\/aegean.al\/index.php\/wp-json\/wp\/v2\/product_cat?post=1264"},{"taxonomy":"product_tag","embeddable":true,"href":"https:\/\/aegean.al\/index.php\/wp-json\/wp\/v2\/product_tag?post=1264"}],"curies":[{"name":"wp","href":"https:\/\/api.w.org\/{rel}","templated":true}]}}