{"id":1308,"date":"2019-12-11T07:45:02","date_gmt":"2019-12-11T07:45:02","guid":{"rendered":"https:\/\/rejs.al\/?post_type=product&#038;p=1308"},"modified":"2021-02-06T15:26:32","modified_gmt":"2021-02-06T15:26:32","slug":"corale-2","status":"publish","type":"product","link":"https:\/\/aegean.al\/index.php\/product\/corale-2\/","title":{"rendered":"Kompleti Coral"},"content":{"rendered":"<p style=\"margin: 0in;margin-bottom: .0001pt;line-height: 115%;background: white\"><strong><span style=\"font-size: 11.5pt;line-height: 115%;font-family: 'Helvetica',sans-serif;color: gray\">Kompleti i \u00e7ar\u00e7afit dopjo p\u00ebrmban:<\/span><\/strong><\/p>\n<p style=\"margin: 0in;margin-bottom: .0001pt;line-height: 115%;background: white\"><span style=\"font-size: 11.5pt;line-height: 115%;font-family: 'Helvetica',sans-serif;color: gray\">Set \u00c7ar\u00e7afi 240\u00d7260 cm<\/span><\/p>\n<p><span style=\"font-size: 11.5pt;line-height: 115%;font-family: 'Helvetica',sans-serif;color: gray\">2 K\u00ebll\u00ebf\u00eb Jast\u00ebku t\u00eb stilit Oxford 50\u00d770 + 7cm<\/span><\/p>\n<p style=\"margin: 0in;margin-bottom: .0001pt;line-height: 115%;background: white\"><strong><span style=\"font-size: 11.5pt;line-height: 115%;font-family: 'Helvetica',sans-serif;color: gray\">Kompleti 4cp i\u00a0zarfit dopjo p\u00ebrmban:<\/span><\/strong><\/p>\n<p style=\"margin: 0in;margin-bottom: .0001pt;line-height: 115%;background: white\"><span style=\"font-size: 11.5pt;line-height: 115%;font-family: 'Helvetica',sans-serif;color: gray\">Zarf 230\u00d7250 cm<\/span><\/p>\n<p style=\"margin: 0in;margin-bottom: .0001pt;line-height: 115%;background: white\"><span style=\"font-size: 11.5pt;line-height: 115%;font-family: 'Helvetica',sans-serif;color: gray\">\u00c7ar\u00e7af i posht\u00ebm 240\u00d7260 cm<\/span><\/p>\n<p style=\"margin: 0in;margin-bottom: .0001pt;line-height: 115%;background: white\"><span style=\"font-size: 11.5pt;line-height: 115%;font-family: 'Helvetica',sans-serif;color: gray\">2 K\u00ebll\u00ebf\u00eb Jast\u00ebku t\u00eb stilit Oxford 50\u00d770 + 10 cm<\/span><\/p>\n","protected":false},"excerpt":{"rendered":"<p><span style=\"color: #808080\">Linja e Coral-it ofron nj\u00eb but\u00ebsi fantastike, p\u00ebr nje gjum\u00eb sa m\u00eb t\u00eb rehatsh\u00ebm. E gjith\u00eb kjo fal\u00eb materialit <em>Pambuk Saten<\/em>.<\/span><\/p>\n<p><span style=\"color: #808080\">Ky produkt \u00ebsht\u00eb i disponuesh\u00ebm n\u00eb <em>set kuverte<\/em> si dhe n\u00eb <em>komplet \u00e7ar\u00e7afi\u00a0<\/em>dhe\u00a0<em>komplet zarfi.<\/em><\/span><\/p>\n<p><span style=\"color: #808080\">Linja e Coral-it ka nj\u00eb dizajn t\u00eb ve\u00e7ant\u00eb, me q\u00ebndisje t\u00eb alternuara dhe ngjyra t\u00eb qeta.<\/span><\/p>\n","protected":false},"featured_media":102,"template":"","meta":[],"product_brand":[],"product_cat":[19,25],"product_tag":[298,300,299],"class_list":{"0":"post-1308","1":"product","2":"type-product","3":"status-publish","4":"has-post-thumbnail","6":"product_cat-dhome-gjumi-carcafe","7":"product_cat-dita-e-nuses-komplet-carcafi","8":"product_tag-komplet-carcafi","9":"product_tag-komplet-zarfi","10":"product_tag-pambuk-saten","11":"description-off","13":"first","14":"instock","15":"shipping-taxable","16":"product-type-variable"},"_links":{"self":[{"href":"https:\/\/aegean.al\/index.php\/wp-json\/wp\/v2\/product\/1308","targetHints":{"allow":["GET"]}}],"collection":[{"href":"https:\/\/aegean.al\/index.php\/wp-json\/wp\/v2\/product"}],"about":[{"href":"https:\/\/aegean.al\/index.php\/wp-json\/wp\/v2\/types\/product"}],"wp:featuredmedia":[{"embeddable":true,"href":"https:\/\/aegean.al\/index.php\/wp-json\/wp\/v2\/media\/102"}],"wp:attachment":[{"href":"https:\/\/aegean.al\/index.php\/wp-json\/wp\/v2\/media?parent=1308"}],"wp:term":[{"taxonomy":"product_brand","embeddable":true,"href":"https:\/\/aegean.al\/index.php\/wp-json\/wp\/v2\/product_brand?post=1308"},{"taxonomy":"product_cat","embeddable":true,"href":"https:\/\/aegean.al\/index.php\/wp-json\/wp\/v2\/product_cat?post=1308"},{"taxonomy":"product_tag","embeddable":true,"href":"https:\/\/aegean.al\/index.php\/wp-json\/wp\/v2\/product_tag?post=1308"}],"curies":[{"name":"wp","href":"https:\/\/api.w.org\/{rel}","templated":true}]}}