{"id":1386,"date":"2019-12-11T14:12:22","date_gmt":"2019-12-11T14:12:22","guid":{"rendered":"https:\/\/rejs.al\/?post_type=product&#038;p=1386"},"modified":"2021-02-06T15:25:14","modified_gmt":"2021-02-06T15:25:14","slug":"flowers-2","status":"publish","type":"product","link":"https:\/\/aegean.al\/index.php\/product\/flowers-2\/","title":{"rendered":"Komplet Flowers 2"},"content":{"rendered":"<p><strong><span style=\"font-size: 11.5pt;font-family: 'Helvetica',sans-serif;color: gray\">Kompleti i \u00e7ar\u00e7afit tek p\u00ebrmban:<\/span><\/strong><span style=\"font-size: 11.5pt;font-family: 'Helvetica',sans-serif;color: #85868c\"><br \/>\n<\/span><span style=\"font-size: 11.5pt;font-family: 'Helvetica',sans-serif;color: gray\">Set \u00c7ar\u00e7afi 160\u00d7240 cm<\/span><span style=\"font-size: 11.5pt;font-family: 'Helvetica',sans-serif;color: #85868c\"><br \/>\n<\/span><span style=\"font-size: 11.5pt;font-family: 'Helvetica',sans-serif;color: gray\">1 K\u00ebll\u00ebf Jast\u00ebku 50\u00d770 cm<\/span><\/p>\n<p style=\"margin: 0in;margin-bottom: .0001pt;background: white\"><strong><span style=\"font-size: 11.5pt;font-family: 'Helvetica',sans-serif;color: gray\">Kompleti i \u00e7ar\u00e7afit dopjo p\u00ebrmban:<\/span><\/strong><span style=\"font-size: 11.5pt;font-family: 'Helvetica',sans-serif;color: #85868c\"><br \/>\n<\/span><span style=\"font-size: 11.5pt;font-family: 'Helvetica',sans-serif;color: gray\">Set \u00c7ar\u00e7afi 240<\/span><span style=\"color: #808080;font-family: Helvetica, sans-serif;font-size: 15.3333px\">\u00d7<\/span><span style=\"color: #808080;font-family: Helvetica, sans-serif;font-size: 15.3333px\">160<\/span><span style=\"color: gray;font-family: Helvetica, sans-serif;font-size: 11.5pt\">\u00a0cm<\/span><\/p>\n<p style=\"margin: 0in;margin-bottom: .0001pt;background: white\"><span style=\"font-size: 11.5pt;font-family: 'Helvetica',sans-serif;color: gray\">2 K\u00ebll\u00ebf\u00eb Jast\u00ebku 50\u00d770 cm<\/span><\/p>\n","protected":false},"excerpt":{"rendered":"<p><span style=\"color: #808080\">Nj\u00eb nga linjat m\u00eb t\u00eb shitura t\u00eb \u00e7ar\u00e7af\u00ebve, p\u00ebrb\u00ebr\u00eb nga materiali\u00a0<em>100% Pambuk<\/em>.<\/span><\/p>\n<p><span style=\"color: #808080\">Vjen n\u00eb nj\u00eb\u00a0<em>larmishm\u00ebri dizenjosh<\/em>\u00a0ku mund t\u00eb zgjidhni tuaj\u00ebn.<\/span><\/p>\n","protected":false},"featured_media":1388,"template":"","meta":[],"product_brand":[],"product_cat":[19,84],"product_tag":[301,305,302,306,298],"class_list":{"0":"post-1386","1":"product","2":"type-product","3":"status-publish","4":"has-post-thumbnail","6":"product_cat-dhome-gjumi-carcafe","7":"product_cat-dhome-gjumi","8":"product_tag-100-pambuk","9":"product_tag-carcaf-dopjo","10":"product_tag-carcafe","11":"product_tag-carcafe-tek","12":"product_tag-komplet-carcafi","13":"description-off","15":"first","16":"instock","17":"shipping-taxable","18":"product-type-variable"},"_links":{"self":[{"href":"https:\/\/aegean.al\/index.php\/wp-json\/wp\/v2\/product\/1386","targetHints":{"allow":["GET"]}}],"collection":[{"href":"https:\/\/aegean.al\/index.php\/wp-json\/wp\/v2\/product"}],"about":[{"href":"https:\/\/aegean.al\/index.php\/wp-json\/wp\/v2\/types\/product"}],"wp:featuredmedia":[{"embeddable":true,"href":"https:\/\/aegean.al\/index.php\/wp-json\/wp\/v2\/media\/1388"}],"wp:attachment":[{"href":"https:\/\/aegean.al\/index.php\/wp-json\/wp\/v2\/media?parent=1386"}],"wp:term":[{"taxonomy":"product_brand","embeddable":true,"href":"https:\/\/aegean.al\/index.php\/wp-json\/wp\/v2\/product_brand?post=1386"},{"taxonomy":"product_cat","embeddable":true,"href":"https:\/\/aegean.al\/index.php\/wp-json\/wp\/v2\/product_cat?post=1386"},{"taxonomy":"product_tag","embeddable":true,"href":"https:\/\/aegean.al\/index.php\/wp-json\/wp\/v2\/product_tag?post=1386"}],"curies":[{"name":"wp","href":"https:\/\/api.w.org\/{rel}","templated":true}]}}