{"id":1425,"date":"2019-12-11T14:52:31","date_gmt":"2019-12-11T14:52:31","guid":{"rendered":"https:\/\/rejs.al\/?post_type=product&#038;p=1425"},"modified":"2021-02-06T15:25:01","modified_gmt":"2021-02-06T15:25:01","slug":"flowers-2-3","status":"publish","type":"product","link":"https:\/\/aegean.al\/index.php\/product\/flowers-2-3\/","title":{"rendered":"Komplet Flowers 2"},"content":{"rendered":"<p><span style=\"color: #808080\"><strong>Kompleti i \u00e7ar\u00e7afit tek p\u00ebrmban:<\/strong><\/span><br \/>\n<span style=\"color: #808080\">Set \u00c7ar\u00e7afi 160\u00d7240 cm<\/span><br \/>\n<span style=\"color: #808080\">1 K\u00ebll\u00ebf Jast\u00ebku 50\u00d770 cm<\/span><\/p>\n<p>&nbsp;<\/p>\n","protected":false},"excerpt":{"rendered":"<p><span style=\"color: #808080\">Nj\u00eb nga linjat m\u00eb t\u00eb shitura t\u00eb \u00e7ar\u00e7af\u00ebve, p\u00ebrb\u00ebr\u00eb nga materiali\u00a0<em>100% Pambuk<\/em>.<\/span><\/p>\n<p><span style=\"color: #808080\">Vjen n\u00eb nj\u00eb\u00a0<em>larmishm\u00ebri dizenjosh<\/em>\u00a0ku mund t\u00eb zgjidhni tuaj\u00ebn.<\/span><\/p>\n","protected":false},"featured_media":1427,"template":"","meta":[],"product_brand":[],"product_cat":[68,71],"product_tag":[301,302,306,298],"class_list":{"0":"post-1425","1":"product","2":"type-product","3":"status-publish","4":"has-post-thumbnail","6":"product_cat-bota-e-femijeve","7":"product_cat-bota-femijeve-komplet-carcafi","8":"product_tag-100-pambuk","9":"product_tag-carcafe","10":"product_tag-carcafe-tek","11":"product_tag-komplet-carcafi","12":"description-off","14":"first","15":"instock","16":"shipping-taxable","17":"product-type-variable"},"_links":{"self":[{"href":"https:\/\/aegean.al\/index.php\/wp-json\/wp\/v2\/product\/1425","targetHints":{"allow":["GET"]}}],"collection":[{"href":"https:\/\/aegean.al\/index.php\/wp-json\/wp\/v2\/product"}],"about":[{"href":"https:\/\/aegean.al\/index.php\/wp-json\/wp\/v2\/types\/product"}],"wp:featuredmedia":[{"embeddable":true,"href":"https:\/\/aegean.al\/index.php\/wp-json\/wp\/v2\/media\/1427"}],"wp:attachment":[{"href":"https:\/\/aegean.al\/index.php\/wp-json\/wp\/v2\/media?parent=1425"}],"wp:term":[{"taxonomy":"product_brand","embeddable":true,"href":"https:\/\/aegean.al\/index.php\/wp-json\/wp\/v2\/product_brand?post=1425"},{"taxonomy":"product_cat","embeddable":true,"href":"https:\/\/aegean.al\/index.php\/wp-json\/wp\/v2\/product_cat?post=1425"},{"taxonomy":"product_tag","embeddable":true,"href":"https:\/\/aegean.al\/index.php\/wp-json\/wp\/v2\/product_tag?post=1425"}],"curies":[{"name":"wp","href":"https:\/\/api.w.org\/{rel}","templated":true}]}}