{"id":1504,"date":"2019-12-11T15:36:27","date_gmt":"2019-12-11T15:36:27","guid":{"rendered":"https:\/\/rejs.al\/?post_type=product&#038;p=1504"},"modified":"2021-02-06T15:24:25","modified_gmt":"2021-02-06T15:24:25","slug":"flowers-2-7","status":"publish","type":"product","link":"https:\/\/aegean.al\/index.php\/product\/flowers-2-7\/","title":{"rendered":"Komplet Flowers 2"},"content":{"rendered":"<p style=\"margin: 0in;margin-bottom: .0001pt;background: white\"><strong><span style=\"font-size: 11.5pt;font-family: 'Helvetica',sans-serif;color: gray\">Kompleti i \u00e7ar\u00e7afit tek p\u00ebrmban:<\/span><\/strong><span style=\"font-size: 11.5pt;font-family: 'Helvetica',sans-serif;color: #85868c\"><br \/>\n<\/span><span style=\"font-size: 11.5pt;font-family: 'Helvetica',sans-serif;color: gray\">Set \u00c7ar\u00e7afi 160\u00d7240 cm<\/span><span style=\"font-size: 11.5pt;font-family: 'Helvetica',sans-serif;color: #85868c\"><br \/>\n<\/span><span style=\"font-size: 11.5pt;font-family: 'Helvetica',sans-serif;color: gray\">1 K\u00ebll\u00ebf Jast\u00ebku 50\u00d770 cm<\/span><\/p>\n","protected":false},"excerpt":{"rendered":"<p><span style=\"color: #808080\">Nj\u00eb nga linjat m\u00eb t\u00eb shitura t\u00eb \u00e7ar\u00e7af\u00ebve, p\u00ebrb\u00ebr\u00eb nga materiali\u00a0<em>100% Pambuk<\/em>.<\/span><\/p>\n<p><span style=\"color: #808080\">Vjen n\u00eb nj\u00eb\u00a0<em>larmishm\u00ebri dizenjosh<\/em>\u00a0ku mund t\u00eb zgjidhni tuaj\u00ebn.<\/span><\/p>\n","protected":false},"featured_media":1506,"template":"","meta":[],"product_brand":[],"product_cat":[68,71],"product_tag":[302,311,306,298],"class_list":{"0":"post-1504","1":"product","2":"type-product","3":"status-publish","4":"has-post-thumbnail","6":"product_cat-bota-e-femijeve","7":"product_cat-bota-femijeve-komplet-carcafi","8":"product_tag-carcafe","9":"product_tag-carcaf-per-femije","10":"product_tag-carcafe-tek","11":"product_tag-komplet-carcafi","12":"description-off","14":"first","15":"instock","16":"shipping-taxable","17":"product-type-variable"},"_links":{"self":[{"href":"https:\/\/aegean.al\/index.php\/wp-json\/wp\/v2\/product\/1504","targetHints":{"allow":["GET"]}}],"collection":[{"href":"https:\/\/aegean.al\/index.php\/wp-json\/wp\/v2\/product"}],"about":[{"href":"https:\/\/aegean.al\/index.php\/wp-json\/wp\/v2\/types\/product"}],"wp:featuredmedia":[{"embeddable":true,"href":"https:\/\/aegean.al\/index.php\/wp-json\/wp\/v2\/media\/1506"}],"wp:attachment":[{"href":"https:\/\/aegean.al\/index.php\/wp-json\/wp\/v2\/media?parent=1504"}],"wp:term":[{"taxonomy":"product_brand","embeddable":true,"href":"https:\/\/aegean.al\/index.php\/wp-json\/wp\/v2\/product_brand?post=1504"},{"taxonomy":"product_cat","embeddable":true,"href":"https:\/\/aegean.al\/index.php\/wp-json\/wp\/v2\/product_cat?post=1504"},{"taxonomy":"product_tag","embeddable":true,"href":"https:\/\/aegean.al\/index.php\/wp-json\/wp\/v2\/product_tag?post=1504"}],"curies":[{"name":"wp","href":"https:\/\/api.w.org\/{rel}","templated":true}]}}