{"id":1560,"date":"2019-12-12T08:26:23","date_gmt":"2019-12-12T08:26:23","guid":{"rendered":"https:\/\/rejs.al\/?post_type=product&#038;p=1560"},"modified":"2021-02-06T15:23:41","modified_gmt":"2021-02-06T15:23:41","slug":"flowers-2-10","status":"publish","type":"product","link":"https:\/\/aegean.al\/index.php\/product\/flowers-2-10\/","title":{"rendered":"Komplet Flowers 2"},"content":{"rendered":"<p><span style=\"color: #808080\"><strong>Kompleti i \u00e7ar\u00e7afit tek p\u00ebrmban:<\/strong><\/span><br \/>\n<span style=\"color: #808080\">Set \u00c7ar\u00e7afi 160\u00d7240 cm<\/span><br \/>\n<span style=\"color: #808080\">1 K\u00ebll\u00ebf Jast\u00ebku 50\u00d770 cm<\/span><\/p>\n<p><span style=\"color: #808080\"><strong>Kompleti i \u00e7ar\u00e7afit dopjo p\u00ebrmban:<\/strong><\/span><br \/>\n<span style=\"color: #808080\">Set \u00c7ar\u00e7afi 240\u00d7260 cm<\/span><br \/>\n<span style=\"color: #808080\">2 K\u00ebll\u00ebf\u00eb Jast\u00ebku 50\u00d770 cm<\/span><\/p>\n<p><span style=\"color: #808080\"><strong>Kompleti i\u00a0zarfit\u00a0tek p\u00ebrmban:<\/strong><\/span><br \/>\n<span style=\"color: #808080\">Zarf\u00a0160\u00d7240 cm<\/span><br \/>\n<span style=\"color: #808080\">\u00c7ar\u00e7af i posht\u00ebm 160\u00d7240 cm<\/span><br \/>\n<span style=\"color: #808080\">1 K\u00ebll\u00ebf Jast\u00ebku\u00a050\u00d770 cm<\/span><\/p>\n<p><span style=\"color: #808080\"><strong>Kompleti i\u00a0zarfit dopjo p\u00ebrmban:<\/strong><\/span><br \/>\n<span style=\"color: #808080\">Zarf 220\u00d7260\u00a0cm<\/span><br \/>\n<span style=\"color: #808080\">\u00c7ar\u00e7af i posht\u00ebm 240\u00d7260 cm<\/span><br \/>\n<span style=\"color: #808080\">2 K\u00ebll\u00ebf\u00eb Jast\u00ebku\u00a050\u00d770 cm<\/span><\/p>\n","protected":false},"excerpt":{"rendered":"<p><span style=\"color: #808080\">Nj\u00eb nga linjat m\u00eb t\u00eb shitura t\u00eb \u00e7ar\u00e7af\u00ebve, p\u00ebrb\u00ebr\u00eb nga materiali\u00a0<em>100% Pambuk<\/em>.<\/span><\/p>\n<p><span style=\"color: #808080\">Vjen n\u00eb nj\u00eb\u00a0<em>larmishm\u00ebri dizenjosh<\/em>\u00a0ku mund t\u00eb zgjidhni tuaj\u00ebn.<\/span><\/p>\n","protected":false},"featured_media":1561,"template":"","meta":[],"product_brand":[],"product_cat":[19,84],"product_tag":[301,305,302,306,298,300,303,309,307],"class_list":{"0":"post-1560","1":"product","2":"type-product","3":"status-publish","4":"has-post-thumbnail","6":"product_cat-dhome-gjumi-carcafe","7":"product_cat-dhome-gjumi","8":"product_tag-100-pambuk","9":"product_tag-carcaf-dopjo","10":"product_tag-carcafe","11":"product_tag-carcafe-tek","12":"product_tag-komplet-carcafi","13":"product_tag-komplet-zarfi","14":"product_tag-zarf","15":"product_tag-zarf-dopjo","16":"product_tag-zarf-tek","17":"description-off","19":"first","20":"instock","21":"shipping-taxable","22":"product-type-variable"},"_links":{"self":[{"href":"https:\/\/aegean.al\/index.php\/wp-json\/wp\/v2\/product\/1560","targetHints":{"allow":["GET"]}}],"collection":[{"href":"https:\/\/aegean.al\/index.php\/wp-json\/wp\/v2\/product"}],"about":[{"href":"https:\/\/aegean.al\/index.php\/wp-json\/wp\/v2\/types\/product"}],"wp:featuredmedia":[{"embeddable":true,"href":"https:\/\/aegean.al\/index.php\/wp-json\/wp\/v2\/media\/1561"}],"wp:attachment":[{"href":"https:\/\/aegean.al\/index.php\/wp-json\/wp\/v2\/media?parent=1560"}],"wp:term":[{"taxonomy":"product_brand","embeddable":true,"href":"https:\/\/aegean.al\/index.php\/wp-json\/wp\/v2\/product_brand?post=1560"},{"taxonomy":"product_cat","embeddable":true,"href":"https:\/\/aegean.al\/index.php\/wp-json\/wp\/v2\/product_cat?post=1560"},{"taxonomy":"product_tag","embeddable":true,"href":"https:\/\/aegean.al\/index.php\/wp-json\/wp\/v2\/product_tag?post=1560"}],"curies":[{"name":"wp","href":"https:\/\/api.w.org\/{rel}","templated":true}]}}