{"id":2417,"date":"2019-12-14T07:59:23","date_gmt":"2019-12-14T07:59:23","guid":{"rendered":"https:\/\/rejs.al\/?post_type=product&#038;p=2417"},"modified":"2021-03-16T10:11:56","modified_gmt":"2021-03-16T10:11:56","slug":"coral","status":"publish","type":"product","link":"https:\/\/aegean.al\/index.php\/product\/coral\/","title":{"rendered":"Mbulese Krevati Coral"},"content":{"rendered":"<p><span style=\"font-weight: 400\">Mbulesa eshte ne material 100% pambuk Saten. Fale struktures se tij te lehte, ultra te bute ajo e mban komoditetin e gjumit n\u00eb nj\u00eb nivel t\u00eb lart\u00eb.\u00a0<\/span>Linja &#8220;Class&#8221; ka nj\u00eb dizaijn t\u00eb ve\u00e7ant\u00eb, me q\u00ebndisje t\u00eb alternuara dhe ngjyra t\u00eb qeta.<\/p>\n<p>Seti i Mbuleses permban:<\/p>\n<p>Mbulese krevati: 230\u00d7250<br \/>\nK\u00ebll\u00ebf\u00eb Jast\u00ebku: 50\u00d770 + 7 Oxford<br \/>\nK\u00ebll\u00ebf\u00eb Jast\u00ebku dekorativ: 40\u00d740<\/p>\n","protected":false},"excerpt":{"rendered":"<p>Mbulese Krevati<\/p>\n<p>&nbsp;<\/p>\n","protected":false},"featured_media":102,"template":"","meta":[],"product_brand":[],"product_cat":[84,24,26],"product_tag":[304,299,297],"class_list":{"0":"post-2417","1":"product","2":"type-product","3":"status-publish","4":"has-post-thumbnail","6":"product_cat-dhome-gjumi","7":"product_cat-dhome-gjumi-mbulesa-krevati","8":"product_cat-dita-e-nuses-mbulese-krevati","9":"product_tag-mbulese-krevati","10":"product_tag-pambuk-saten","11":"product_tag-set","12":"description-off","14":"first","15":"instock","16":"shipping-taxable","17":"product-type-variable"},"_links":{"self":[{"href":"https:\/\/aegean.al\/index.php\/wp-json\/wp\/v2\/product\/2417","targetHints":{"allow":["GET"]}}],"collection":[{"href":"https:\/\/aegean.al\/index.php\/wp-json\/wp\/v2\/product"}],"about":[{"href":"https:\/\/aegean.al\/index.php\/wp-json\/wp\/v2\/types\/product"}],"wp:featuredmedia":[{"embeddable":true,"href":"https:\/\/aegean.al\/index.php\/wp-json\/wp\/v2\/media\/102"}],"wp:attachment":[{"href":"https:\/\/aegean.al\/index.php\/wp-json\/wp\/v2\/media?parent=2417"}],"wp:term":[{"taxonomy":"product_brand","embeddable":true,"href":"https:\/\/aegean.al\/index.php\/wp-json\/wp\/v2\/product_brand?post=2417"},{"taxonomy":"product_cat","embeddable":true,"href":"https:\/\/aegean.al\/index.php\/wp-json\/wp\/v2\/product_cat?post=2417"},{"taxonomy":"product_tag","embeddable":true,"href":"https:\/\/aegean.al\/index.php\/wp-json\/wp\/v2\/product_tag?post=2417"}],"curies":[{"name":"wp","href":"https:\/\/api.w.org\/{rel}","templated":true}]}}