{"id":2442,"date":"2019-12-14T10:02:08","date_gmt":"2019-12-14T10:02:08","guid":{"rendered":"https:\/\/rejs.al\/?post_type=product&#038;p=2442"},"modified":"2021-02-06T10:19:02","modified_gmt":"2021-02-06T10:19:02","slug":"class","status":"publish","type":"product","link":"https:\/\/aegean.al\/index.php\/product\/class\/","title":{"rendered":"Kompleti Class"},"content":{"rendered":"<p>Linja &#8220;Class&#8221; ka nj\u00eb dizaijn t\u00eb ve\u00e7ant\u00eb, me q\u00ebndisje t\u00eb alternuara dhe ngjyra t\u00eb qeta.<\/p>\n<p>Materiali: 100% Pambuk Saten<\/p>\n<p>&nbsp;<\/p>\n<p>&nbsp;<\/p>\n","protected":false},"excerpt":{"rendered":"<p>Komplet Carcafi dhe Komplet Zarfi<\/p>\n","protected":false},"featured_media":1350,"template":"","meta":[],"product_brand":[],"product_cat":[19,84,22,25,366,367],"product_tag":[377,432,298,300,299,433,303,309],"class_list":{"0":"post-2442","1":"product","2":"type-product","3":"status-publish","4":"has-post-thumbnail","6":"product_cat-dhome-gjumi-carcafe","7":"product_cat-dhome-gjumi","8":"product_cat-dhome-gjumi-kellef-jasteku","9":"product_cat-dita-e-nuses-komplet-carcafi","10":"product_cat-dhome-gjumi-komplet-carcafi","11":"product_cat-dhome-gjumi-komplet-zarfi","12":"product_tag-antibakteriale","13":"product_tag-emblem","14":"product_tag-komplet-carcafi","15":"product_tag-komplet-zarfi","16":"product_tag-pambuk-saten","17":"product_tag-pambuk-saten-antialergjike","18":"product_tag-zarf","19":"product_tag-zarf-dopjo","20":"description-off","22":"first","23":"instock","24":"shipping-taxable","25":"product-type-variable"},"_links":{"self":[{"href":"https:\/\/aegean.al\/index.php\/wp-json\/wp\/v2\/product\/2442","targetHints":{"allow":["GET"]}}],"collection":[{"href":"https:\/\/aegean.al\/index.php\/wp-json\/wp\/v2\/product"}],"about":[{"href":"https:\/\/aegean.al\/index.php\/wp-json\/wp\/v2\/types\/product"}],"wp:featuredmedia":[{"embeddable":true,"href":"https:\/\/aegean.al\/index.php\/wp-json\/wp\/v2\/media\/1350"}],"wp:attachment":[{"href":"https:\/\/aegean.al\/index.php\/wp-json\/wp\/v2\/media?parent=2442"}],"wp:term":[{"taxonomy":"product_brand","embeddable":true,"href":"https:\/\/aegean.al\/index.php\/wp-json\/wp\/v2\/product_brand?post=2442"},{"taxonomy":"product_cat","embeddable":true,"href":"https:\/\/aegean.al\/index.php\/wp-json\/wp\/v2\/product_cat?post=2442"},{"taxonomy":"product_tag","embeddable":true,"href":"https:\/\/aegean.al\/index.php\/wp-json\/wp\/v2\/product_tag?post=2442"}],"curies":[{"name":"wp","href":"https:\/\/api.w.org\/{rel}","templated":true}]}}