{"id":2447,"date":"2019-12-14T10:16:31","date_gmt":"2019-12-14T10:16:31","guid":{"rendered":"https:\/\/rejs.al\/?post_type=product&#038;p=2447"},"modified":"2021-02-06T10:40:26","modified_gmt":"2021-02-06T10:40:26","slug":"kuvert-embleme","status":"publish","type":"product","link":"https:\/\/aegean.al\/index.php\/product\/kuvert-embleme\/","title":{"rendered":"Mbulese Krevati Emblem"},"content":{"rendered":"<p><span style=\"font-weight: 400\">Mbulesa eshte ne material 100% pambuk Saten. Fale struktures se tij te lehte, ultra te bute ajo e mban komoditetin e gjumit n\u00eb nj\u00eb nivel t\u00eb lart\u00eb.\u00a0Linja Emblem ka nj\u00eb dizajn t\u00eb ve\u00e7ant\u00eb, me q\u00ebndisje t\u00eb alternuara dhe me ngjyra t\u00eb qeta.<\/span><\/p>\n<p>&nbsp;<\/p>\n<p>&nbsp;<\/p>\n","protected":false},"excerpt":{"rendered":"<p style=\"background: white;text-align: start;margin: 0in 0in 7.5pt\">Mbulese Krevati<\/p>\n","protected":false},"featured_media":1338,"template":"","meta":[],"product_brand":[],"product_cat":[84,22,24,26],"product_tag":[301,304,299,297],"class_list":{"0":"post-2447","1":"product","2":"type-product","3":"status-publish","4":"has-post-thumbnail","6":"product_cat-dhome-gjumi","7":"product_cat-dhome-gjumi-kellef-jasteku","8":"product_cat-dhome-gjumi-mbulesa-krevati","9":"product_cat-dita-e-nuses-mbulese-krevati","10":"product_tag-100-pambuk","11":"product_tag-mbulese-krevati","12":"product_tag-pambuk-saten","13":"product_tag-set","14":"description-off","16":"first","17":"outofstock","18":"shipping-taxable","19":"product-type-variable"},"_links":{"self":[{"href":"https:\/\/aegean.al\/index.php\/wp-json\/wp\/v2\/product\/2447","targetHints":{"allow":["GET"]}}],"collection":[{"href":"https:\/\/aegean.al\/index.php\/wp-json\/wp\/v2\/product"}],"about":[{"href":"https:\/\/aegean.al\/index.php\/wp-json\/wp\/v2\/types\/product"}],"wp:featuredmedia":[{"embeddable":true,"href":"https:\/\/aegean.al\/index.php\/wp-json\/wp\/v2\/media\/1338"}],"wp:attachment":[{"href":"https:\/\/aegean.al\/index.php\/wp-json\/wp\/v2\/media?parent=2447"}],"wp:term":[{"taxonomy":"product_brand","embeddable":true,"href":"https:\/\/aegean.al\/index.php\/wp-json\/wp\/v2\/product_brand?post=2447"},{"taxonomy":"product_cat","embeddable":true,"href":"https:\/\/aegean.al\/index.php\/wp-json\/wp\/v2\/product_cat?post=2447"},{"taxonomy":"product_tag","embeddable":true,"href":"https:\/\/aegean.al\/index.php\/wp-json\/wp\/v2\/product_tag?post=2447"}],"curies":[{"name":"wp","href":"https:\/\/api.w.org\/{rel}","templated":true}]}}