{"id":2686,"date":"2019-12-14T11:38:50","date_gmt":"2019-12-14T11:38:50","guid":{"rendered":"https:\/\/rejs.al\/?post_type=product&#038;p=2686"},"modified":"2021-01-14T14:35:22","modified_gmt":"2021-01-14T14:35:22","slug":"linja-romantic-7","status":"publish","type":"product","link":"https:\/\/aegean.al\/index.php\/product\/linja-romantic-7\/","title":{"rendered":"Romantic"},"content":{"rendered":"<p><span style=\"font-weight: 400\">Mbulesa e krevatit \u201cRomantic\u201d eshte ne materialin 100% pambuk Saten Reaktiv, me cilesi te larte fibrash pambuk. Fale struktures se tij te lehte, ultra te bute ajo e mban komoditetin e gjumit n\u00eb nj\u00eb nivel t\u00eb lart\u00eb. <\/span><\/p>\n<p>&nbsp;<\/p>\n","protected":false},"excerpt":{"rendered":"<p>Mbulese Krevati<\/p>\n","protected":false},"featured_media":2340,"template":"","meta":[],"product_brand":[],"product_cat":[84,24,26,46,43],"product_tag":[],"class_list":{"0":"post-2686","1":"product","2":"type-product","3":"status-publish","4":"has-post-thumbnail","6":"product_cat-dhome-gjumi","7":"product_cat-dhome-gjumi-mbulesa-krevati","8":"product_cat-dita-e-nuses-mbulese-krevati","9":"product_cat-oferta-mbulesa-krevati","10":"product_cat-oferta","11":"description-off","13":"first","14":"instock","15":"shipping-taxable","16":"product-type-variable"},"_links":{"self":[{"href":"https:\/\/aegean.al\/index.php\/wp-json\/wp\/v2\/product\/2686","targetHints":{"allow":["GET"]}}],"collection":[{"href":"https:\/\/aegean.al\/index.php\/wp-json\/wp\/v2\/product"}],"about":[{"href":"https:\/\/aegean.al\/index.php\/wp-json\/wp\/v2\/types\/product"}],"wp:featuredmedia":[{"embeddable":true,"href":"https:\/\/aegean.al\/index.php\/wp-json\/wp\/v2\/media\/2340"}],"wp:attachment":[{"href":"https:\/\/aegean.al\/index.php\/wp-json\/wp\/v2\/media?parent=2686"}],"wp:term":[{"taxonomy":"product_brand","embeddable":true,"href":"https:\/\/aegean.al\/index.php\/wp-json\/wp\/v2\/product_brand?post=2686"},{"taxonomy":"product_cat","embeddable":true,"href":"https:\/\/aegean.al\/index.php\/wp-json\/wp\/v2\/product_cat?post=2686"},{"taxonomy":"product_tag","embeddable":true,"href":"https:\/\/aegean.al\/index.php\/wp-json\/wp\/v2\/product_tag?post=2686"}],"curies":[{"name":"wp","href":"https:\/\/api.w.org\/{rel}","templated":true}]}}