{"id":2773,"date":"2019-12-14T11:52:54","date_gmt":"2019-12-14T11:52:54","guid":{"rendered":"https:\/\/rejs.al\/?post_type=product&#038;p=2773"},"modified":"2021-01-14T15:05:41","modified_gmt":"2021-01-14T15:05:41","slug":"romantic","status":"publish","type":"product","link":"https:\/\/aegean.al\/index.php\/product\/romantic\/","title":{"rendered":"Romantic"},"content":{"rendered":"<p><span style=\"font-weight: 400\">Linja \u201cRomantic\u201d vjen edhe ne komplet carcafi dopjo edhe me mbulese krevati.\u00a0<\/span><span style=\"font-weight: 400\">Materiali eshte 100% pambuk Saten Reaktiv, me cilesi te larte fibrash pambuku. Anti-alergjik dhe anti-bakteriale duke ofruar nje ambjent gjumi te shendetshem dhe te sigurte.<\/span><\/p>\n<p>&nbsp;<\/p>\n<p>Kompleti i Car\u00e7afit permban:<\/p>\n<p>Fleta e siperme: 245\u00d7260<br \/>\nFleta e poshtme: 245\u00d7260<br \/>\n2 K\u00ebll\u00ebf\u00eb Jast\u00ebku: 50\u00d770 + 5 Oxford<\/p>\n<p>&nbsp;<\/p>\n","protected":false},"excerpt":{"rendered":"<p>Komplet Carcafi Dopjo<\/p>\n<p>&nbsp;<\/p>\n","protected":false},"featured_media":2312,"template":"","meta":[],"product_brand":[],"product_cat":[19,84,25],"product_tag":[],"class_list":{"0":"post-2773","1":"product","2":"type-product","3":"status-publish","4":"has-post-thumbnail","6":"product_cat-dhome-gjumi-carcafe","7":"product_cat-dhome-gjumi","8":"product_cat-dita-e-nuses-komplet-carcafi","9":"description-off","11":"first","12":"instock","13":"shipping-taxable","14":"product-type-variable"},"_links":{"self":[{"href":"https:\/\/aegean.al\/index.php\/wp-json\/wp\/v2\/product\/2773","targetHints":{"allow":["GET"]}}],"collection":[{"href":"https:\/\/aegean.al\/index.php\/wp-json\/wp\/v2\/product"}],"about":[{"href":"https:\/\/aegean.al\/index.php\/wp-json\/wp\/v2\/types\/product"}],"wp:featuredmedia":[{"embeddable":true,"href":"https:\/\/aegean.al\/index.php\/wp-json\/wp\/v2\/media\/2312"}],"wp:attachment":[{"href":"https:\/\/aegean.al\/index.php\/wp-json\/wp\/v2\/media?parent=2773"}],"wp:term":[{"taxonomy":"product_brand","embeddable":true,"href":"https:\/\/aegean.al\/index.php\/wp-json\/wp\/v2\/product_brand?post=2773"},{"taxonomy":"product_cat","embeddable":true,"href":"https:\/\/aegean.al\/index.php\/wp-json\/wp\/v2\/product_cat?post=2773"},{"taxonomy":"product_tag","embeddable":true,"href":"https:\/\/aegean.al\/index.php\/wp-json\/wp\/v2\/product_tag?post=2773"}],"curies":[{"name":"wp","href":"https:\/\/api.w.org\/{rel}","templated":true}]}}