{"id":281,"date":"2018-07-25T15:27:36","date_gmt":"2018-07-25T15:27:36","guid":{"rendered":"https:\/\/rejs.al\/?post_type=product&#038;p=281"},"modified":"2021-07-05T13:04:37","modified_gmt":"2021-07-05T13:04:37","slug":"jastek-anatomik","status":"publish","type":"product","link":"https:\/\/aegean.al\/index.php\/product\/jastek-anatomik\/","title":{"rendered":"Jast\u00ebk Anatomik"},"content":{"rendered":"<p><span style=\"font-weight: 400\">Mbushja: Mikroines<\/span><br \/>\n<span style=\"font-weight: 400\">Copa: 100% Pambuk Perkal<\/span><br \/>\n<span style=\"font-weight: 400\">Antialergjike<\/span><br \/>\n<span style=\"font-weight: 400\">Antibakteriale<\/span><\/p>\n<p><strong>Lahet n\u00eb lavatri\u00e7e<\/strong><br \/>\n<strong>Thahet n\u00eb thar\u00ebse<\/strong><\/p>\n","protected":false},"excerpt":{"rendered":"<p>Sjellim te ju jast\u00ebk\u00ebt m\u00eb t\u00eb mir\u00eb p\u00ebr nj\u00eb gjum\u00eb t\u00eb qet\u00eb\u00a0e t\u00eb rehatsh\u00ebm, p\u00ebr t&#8217;ju p\u00ebrshtatur \u00e7do stili e m\u00ebnyre fjetjeje!<\/p>\n<p>Ndihm\u00ebs p\u00ebr qaf\u00ebn dhe i p\u00ebrshtatsh\u00ebm p\u00ebr ata q\u00eb duan nj\u00eb jast\u00ebk mesatarisht t\u00eb fort\u00eb.<\/p>\n","protected":false},"featured_media":282,"template":"","meta":[],"product_brand":[],"product_cat":[84,20],"product_tag":[464,393,462],"class_list":{"0":"post-281","1":"product","2":"type-product","3":"status-publish","4":"has-post-thumbnail","6":"product_cat-dhome-gjumi","7":"product_cat-dhome-gjumi-jasteke","8":"product_tag-100-pambuk-perkal","9":"product_tag-jasteke","10":"product_tag-mikroines","11":"description-off","13":"first","14":"instock","15":"shipping-taxable","16":"product-type-variable"},"_links":{"self":[{"href":"https:\/\/aegean.al\/index.php\/wp-json\/wp\/v2\/product\/281","targetHints":{"allow":["GET"]}}],"collection":[{"href":"https:\/\/aegean.al\/index.php\/wp-json\/wp\/v2\/product"}],"about":[{"href":"https:\/\/aegean.al\/index.php\/wp-json\/wp\/v2\/types\/product"}],"wp:featuredmedia":[{"embeddable":true,"href":"https:\/\/aegean.al\/index.php\/wp-json\/wp\/v2\/media\/282"}],"wp:attachment":[{"href":"https:\/\/aegean.al\/index.php\/wp-json\/wp\/v2\/media?parent=281"}],"wp:term":[{"taxonomy":"product_brand","embeddable":true,"href":"https:\/\/aegean.al\/index.php\/wp-json\/wp\/v2\/product_brand?post=281"},{"taxonomy":"product_cat","embeddable":true,"href":"https:\/\/aegean.al\/index.php\/wp-json\/wp\/v2\/product_cat?post=281"},{"taxonomy":"product_tag","embeddable":true,"href":"https:\/\/aegean.al\/index.php\/wp-json\/wp\/v2\/product_tag?post=281"}],"curies":[{"name":"wp","href":"https:\/\/api.w.org\/{rel}","templated":true}]}}