{"id":3304,"date":"2019-12-20T08:49:02","date_gmt":"2019-12-20T08:49:02","guid":{"rendered":"https:\/\/rejs.al\/?post_type=product&#038;p=3304"},"modified":"2021-06-25T14:01:52","modified_gmt":"2021-06-25T14:01:52","slug":"peshqir-dantell","status":"publish","type":"product","link":"https:\/\/aegean.al\/index.php\/product\/peshqir-dantell\/","title":{"rendered":"Dantell\u00eb"},"content":{"rendered":"<p><span style=\"font-weight: 400\">100% Pambuk <\/span><br \/>\n<span style=\"font-weight: 400\">P\u00ebrthithes\u00a0<\/span><br \/>\nAntialergjik<br \/>\nAntibakterial<\/p>\n","protected":false},"excerpt":{"rendered":"<p>Nj\u00eb linj\u00eb fantastike peshqirash. Zgjidhni ngjyrat tuaja t\u00eb preferuara!<\/p>\n","protected":false},"featured_media":3310,"template":"","meta":[],"product_brand":[],"product_cat":[81,77],"product_tag":[301,376,377,419],"class_list":{"0":"post-3304","1":"product","2":"type-product","3":"status-publish","4":"has-post-thumbnail","6":"product_cat-tualet-peshqire","7":"product_cat-tualet-1","8":"product_tag-100-pambuk","9":"product_tag-antialergjike","10":"product_tag-antibakteriale","11":"product_tag-peshqire","12":"description-off","14":"first","15":"instock","16":"shipping-taxable","17":"product-type-variable"},"_links":{"self":[{"href":"https:\/\/aegean.al\/index.php\/wp-json\/wp\/v2\/product\/3304","targetHints":{"allow":["GET"]}}],"collection":[{"href":"https:\/\/aegean.al\/index.php\/wp-json\/wp\/v2\/product"}],"about":[{"href":"https:\/\/aegean.al\/index.php\/wp-json\/wp\/v2\/types\/product"}],"wp:featuredmedia":[{"embeddable":true,"href":"https:\/\/aegean.al\/index.php\/wp-json\/wp\/v2\/media\/3310"}],"wp:attachment":[{"href":"https:\/\/aegean.al\/index.php\/wp-json\/wp\/v2\/media?parent=3304"}],"wp:term":[{"taxonomy":"product_brand","embeddable":true,"href":"https:\/\/aegean.al\/index.php\/wp-json\/wp\/v2\/product_brand?post=3304"},{"taxonomy":"product_cat","embeddable":true,"href":"https:\/\/aegean.al\/index.php\/wp-json\/wp\/v2\/product_cat?post=3304"},{"taxonomy":"product_tag","embeddable":true,"href":"https:\/\/aegean.al\/index.php\/wp-json\/wp\/v2\/product_tag?post=3304"}],"curies":[{"name":"wp","href":"https:\/\/api.w.org\/{rel}","templated":true}]}}