{"id":3400,"date":"2019-12-21T08:36:47","date_gmt":"2019-12-21T08:36:47","guid":{"rendered":"https:\/\/rejs.al\/?post_type=product&#038;p=3400"},"modified":"2021-07-05T11:14:41","modified_gmt":"2021-07-05T11:14:41","slug":"elegant-mbulese-krevati","status":"publish","type":"product","link":"https:\/\/aegean.al\/index.php\/product\/elegant-mbulese-krevati\/","title":{"rendered":"Elegant Mbules\u00eb Krevati"},"content":{"rendered":"<p><span style=\"font-weight: 400\">100% Pambuk Saten<\/span><br \/>\nMbushja Fib\u00ebr Ball, e presuar dhe antialergjike<\/p>\n<p><strong>Tek:<\/strong> 170&#215;240<br \/>\n<strong>Dopjo:<\/strong> 220&#215;240<\/p>\n","protected":false},"excerpt":{"rendered":"<p>Mbules\u00eb Krevati Elegant, e\u00a0leht\u00eb dhe praktike! Mund t\u00eb p\u00ebrdoret nga t\u00eb dyja an\u00ebt.<\/p>\n","protected":false},"featured_media":5055,"template":"","meta":[],"product_brand":[],"product_cat":[84,24],"product_tag":[447,455,448,304,456],"class_list":{"0":"post-3400","1":"product","2":"type-product","3":"status-publish","4":"has-post-thumbnail","6":"product_cat-dhome-gjumi","7":"product_cat-dhome-gjumi-mbulesa-krevati","8":"product_tag-100-pambuk-saten","9":"product_tag-dopjo","10":"product_tag-kuverte","11":"product_tag-mbulese-krevati","12":"product_tag-tek","13":"description-off","15":"first","16":"instock","17":"shipping-taxable","18":"purchasable","19":"product-type-variable"},"_links":{"self":[{"href":"https:\/\/aegean.al\/index.php\/wp-json\/wp\/v2\/product\/3400","targetHints":{"allow":["GET"]}}],"collection":[{"href":"https:\/\/aegean.al\/index.php\/wp-json\/wp\/v2\/product"}],"about":[{"href":"https:\/\/aegean.al\/index.php\/wp-json\/wp\/v2\/types\/product"}],"wp:featuredmedia":[{"embeddable":true,"href":"https:\/\/aegean.al\/index.php\/wp-json\/wp\/v2\/media\/5055"}],"wp:attachment":[{"href":"https:\/\/aegean.al\/index.php\/wp-json\/wp\/v2\/media?parent=3400"}],"wp:term":[{"taxonomy":"product_brand","embeddable":true,"href":"https:\/\/aegean.al\/index.php\/wp-json\/wp\/v2\/product_brand?post=3400"},{"taxonomy":"product_cat","embeddable":true,"href":"https:\/\/aegean.al\/index.php\/wp-json\/wp\/v2\/product_cat?post=3400"},{"taxonomy":"product_tag","embeddable":true,"href":"https:\/\/aegean.al\/index.php\/wp-json\/wp\/v2\/product_tag?post=3400"}],"curies":[{"name":"wp","href":"https:\/\/api.w.org\/{rel}","templated":true}]}}