{"id":3413,"date":"2019-12-23T13:05:05","date_gmt":"2019-12-23T13:05:05","guid":{"rendered":"https:\/\/rejs.al\/?post_type=product&#038;p=3413"},"modified":"2021-06-23T14:18:41","modified_gmt":"2021-06-23T14:18:41","slug":"flawers-26","status":"publish","type":"product","link":"https:\/\/aegean.al\/index.php\/product\/flawers-26\/","title":{"rendered":"Set \u00c7ar\u00e7af Flowers"},"content":{"rendered":"<p><span style=\"font-weight: 400\">100% Pambuk<\/span><br \/>\n<span style=\"font-weight: 400\">Antialergjik<\/span><br \/>\n<span style=\"font-weight: 400\">Antibakterial\u00a0<\/span><\/p>\n<p><strong><span style=\"color: gray\">Zarf<\/span><\/strong><br \/>\n<span style=\"color: gray\">Zarfi:\u00a0<\/span><span style=\"color: #808080\">160&#215;240 \/\u00a0<\/span><span style=\"color: gray\">220&#215;240\u00a0<\/span><br \/>\n<span style=\"color: gray\">Fleta e poshtme: 160&#215;240 \/ 240\u00d7260\u00a0<\/span><br \/>\n<span style=\"color: gray\">K\u00ebll\u00ebf\u00eb Jast\u00ebku: 52&#215;75 cm (1) \/\u00a052&#215;75 cm (2)<\/span><\/p>\n<p><strong><span style=\"color: gray\">\u00c7ar\u00e7af<br \/>\n<\/span><\/strong><span style=\"color: gray\"><span style=\"color: gray\">Fleta e siperme:\u00a0<\/span><\/span><span style=\"color: gray\"><span style=\"color: #808080\">160&#215;240 \/\u00a0<\/span><span style=\"color: gray\">240\u00d7260\u00a0<\/span><br \/>\n<span style=\"color: gray\">Fleta e poshtme:\u00a0<\/span><span style=\"color: #808080\">160&#215;240 \/\u00a0<\/span><span style=\"color: gray\">240\u00d7260 cm<\/span><br \/>\n<span style=\"color: gray\">K\u00ebll\u00ebf\u00eb Jast\u00ebku: 52&#215;75 cm (1) \/\u00a052&#215;75 cm (2)<\/span><\/span><\/p>\n","protected":false},"excerpt":{"rendered":"<p>\u00c7ar\u00e7af\u00ebt \u201cFlowers\u201d mund t\u00eb transformojn\u00eb ambientin tuaj dhe mund t&#8217;ju ofrojn\u00eb nj\u00eb but\u00ebsi t\u00eb pap\u00ebrshkrueshme me materialin 100% Pambuk!<\/p>\n","protected":false},"featured_media":4804,"template":"","meta":[],"product_brand":[],"product_cat":[19,84],"product_tag":[301,302,442,306,298,300,303,309,307],"class_list":{"0":"post-3413","1":"product","2":"type-product","3":"status-publish","4":"has-post-thumbnail","6":"product_cat-dhome-gjumi-carcafe","7":"product_cat-dhome-gjumi","8":"product_tag-100-pambuk","9":"product_tag-carcafe","10":"product_tag-carcafe-dopjo","11":"product_tag-carcafe-tek","12":"product_tag-komplet-carcafi","13":"product_tag-komplet-zarfi","14":"product_tag-zarf","15":"product_tag-zarf-dopjo","16":"product_tag-zarf-tek","17":"description-off","19":"first","20":"instock","21":"shipping-taxable","22":"product-type-variable"},"_links":{"self":[{"href":"https:\/\/aegean.al\/index.php\/wp-json\/wp\/v2\/product\/3413","targetHints":{"allow":["GET"]}}],"collection":[{"href":"https:\/\/aegean.al\/index.php\/wp-json\/wp\/v2\/product"}],"about":[{"href":"https:\/\/aegean.al\/index.php\/wp-json\/wp\/v2\/types\/product"}],"wp:featuredmedia":[{"embeddable":true,"href":"https:\/\/aegean.al\/index.php\/wp-json\/wp\/v2\/media\/4804"}],"wp:attachment":[{"href":"https:\/\/aegean.al\/index.php\/wp-json\/wp\/v2\/media?parent=3413"}],"wp:term":[{"taxonomy":"product_brand","embeddable":true,"href":"https:\/\/aegean.al\/index.php\/wp-json\/wp\/v2\/product_brand?post=3413"},{"taxonomy":"product_cat","embeddable":true,"href":"https:\/\/aegean.al\/index.php\/wp-json\/wp\/v2\/product_cat?post=3413"},{"taxonomy":"product_tag","embeddable":true,"href":"https:\/\/aegean.al\/index.php\/wp-json\/wp\/v2\/product_tag?post=3413"}],"curies":[{"name":"wp","href":"https:\/\/api.w.org\/{rel}","templated":true}]}}