{"id":3450,"date":"2019-12-26T08:08:08","date_gmt":"2019-12-26T08:08:08","guid":{"rendered":"https:\/\/rejs.al\/?post_type=product&#038;p=3450"},"modified":"2021-01-13T15:22:43","modified_gmt":"2021-01-13T15:22:43","slug":"kuvert-rose","status":"publish","type":"product","link":"https:\/\/aegean.al\/index.php\/product\/kuvert-rose\/","title":{"rendered":"Rose"},"content":{"rendered":"<p>Seti i Mbuleses permban:<\/p>\n<p>Mbulese krevati: 230\u00d7250<br \/>\nK\u00ebll\u00ebf\u00eb Jast\u00ebku: 50\u00d770 + 7\u00a0Oxford<br \/>\nK\u00ebll\u00ebf\u00eb Jast\u00ebku dekorativ: 40\u00d740<\/p>\n<p>&nbsp;<\/p>\n<p>&nbsp;<\/p>\n<p>Kompleti i Car\u00e7afit permban:<\/p>\n<p>Fleta e siperme: 240\u00d7260<br \/>\nFleta e poshtme: 240\u00d7260<br \/>\n2 K\u00ebll\u00ebf\u00eb Jast\u00ebku: 50\u00d770 + 7\u00a0Oxford<\/p>\n<p>&nbsp;<\/p>\n<p>Kompleti i Zarfit permban:<\/p>\n<p>Zarfi: 230\u00d7250<br \/>\nFleta e poshtme: 240\u00d7260<br \/>\nK\u00ebll\u00ebf\u00eb Jast\u00ebku: 50\u00d770 + 10\u00a0Oxford<\/p>\n","protected":false},"excerpt":{"rendered":"<p><span style=\"color: #808080\">Ky produkt \u00ebsht\u00eb i disponuesh\u00ebm n\u00eb:\u00a0<em>Mbulese krevati, ne\u00a0<\/em><em>Komplet \u00e7ar\u00e7afi\u00a0<\/em>dhe ne\u00a0<em>Komplet zarfi.<\/em><\/span><\/p>\n<p><span style=\"color: #808080\">Linja e Rose ka nj\u00eb dizaijn t\u00eb ve\u00e7ant\u00eb, me q\u00ebndisje t\u00eb alternuara dhe ngjyra t\u00eb qeta.\u00a0<\/span><\/p>\n<p><span style=\"color: #808080\"><span style=\"font-weight: 400\">Materiali: 100% Pambuk Saten<\/span><\/span><\/p>\n","protected":false},"featured_media":1360,"template":"","meta":[],"product_brand":[],"product_cat":[19,84],"product_tag":[298,300,299,297],"class_list":{"0":"post-3450","1":"product","2":"type-product","3":"status-publish","4":"has-post-thumbnail","6":"product_cat-dhome-gjumi-carcafe","7":"product_cat-dhome-gjumi","8":"product_tag-komplet-carcafi","9":"product_tag-komplet-zarfi","10":"product_tag-pambuk-saten","11":"product_tag-set","12":"description-off","14":"first","15":"instock","16":"shipping-taxable","17":"product-type-variable"},"_links":{"self":[{"href":"https:\/\/aegean.al\/index.php\/wp-json\/wp\/v2\/product\/3450","targetHints":{"allow":["GET"]}}],"collection":[{"href":"https:\/\/aegean.al\/index.php\/wp-json\/wp\/v2\/product"}],"about":[{"href":"https:\/\/aegean.al\/index.php\/wp-json\/wp\/v2\/types\/product"}],"wp:featuredmedia":[{"embeddable":true,"href":"https:\/\/aegean.al\/index.php\/wp-json\/wp\/v2\/media\/1360"}],"wp:attachment":[{"href":"https:\/\/aegean.al\/index.php\/wp-json\/wp\/v2\/media?parent=3450"}],"wp:term":[{"taxonomy":"product_brand","embeddable":true,"href":"https:\/\/aegean.al\/index.php\/wp-json\/wp\/v2\/product_brand?post=3450"},{"taxonomy":"product_cat","embeddable":true,"href":"https:\/\/aegean.al\/index.php\/wp-json\/wp\/v2\/product_cat?post=3450"},{"taxonomy":"product_tag","embeddable":true,"href":"https:\/\/aegean.al\/index.php\/wp-json\/wp\/v2\/product_tag?post=3450"}],"curies":[{"name":"wp","href":"https:\/\/api.w.org\/{rel}","templated":true}]}}