{"id":3647,"date":"2020-01-07T13:44:12","date_gmt":"2020-01-07T13:44:12","guid":{"rendered":"https:\/\/rejs.al\/?post_type=product&#038;p=3647"},"modified":"2021-07-05T12:58:46","modified_gmt":"2021-07-05T12:58:46","slug":"3d-jastek","status":"publish","type":"product","link":"https:\/\/aegean.al\/index.php\/product\/3d-jastek\/","title":{"rendered":"3D Jast\u00ebk"},"content":{"rendered":"<p><span style=\"font-weight: 400\">Mbushja: Mikroines 3D<br \/>\nCopa: 100% Pambuk Saten<br \/>\nAntialergjike<br \/>\nAntibakteriale<\/span><\/p>\n<p><strong>Lahet n\u00eb lavatri\u00e7e<\/strong><br \/>\n<strong>Thahet n\u00eb thar\u00ebse<\/strong><\/p>\n","protected":false},"excerpt":{"rendered":"<p>Sjellim te ju jast\u00ebk\u00ebt m\u00eb t\u00eb mir\u00eb p\u00ebr nj\u00eb gjum\u00eb t\u00eb qet\u00eb\u00a0e t\u00eb rehatsh\u00ebm, p\u00ebr t\u2019ju p\u00ebrshtatur \u00e7do stili e m\u00ebnyre fjetjeje!<\/p>\n<p>I p\u00ebrshtatsh\u00ebm p\u00ebr ata q\u00eb duan t\u00eb flen\u00eb n\u00eb nj\u00eb jast\u00ebk mesatarisht t\u00eb but\u00eb dhe t\u00eb lart\u00eb.<\/p>\n","protected":false},"featured_media":4579,"template":"","meta":[],"product_brand":[],"product_cat":[84,20,59],"product_tag":[447,393,465],"class_list":{"0":"post-3647","1":"product","2":"type-product","3":"status-publish","4":"has-post-thumbnail","6":"product_cat-dhome-gjumi","7":"product_cat-dhome-gjumi-jasteke","8":"product_cat-te-ndryshme","9":"product_tag-100-pambuk-saten","10":"product_tag-jasteke","11":"product_tag-mikroines-3d","12":"description-off","14":"first","15":"instock","16":"shipping-taxable","17":"product-type-variable"},"_links":{"self":[{"href":"https:\/\/aegean.al\/index.php\/wp-json\/wp\/v2\/product\/3647","targetHints":{"allow":["GET"]}}],"collection":[{"href":"https:\/\/aegean.al\/index.php\/wp-json\/wp\/v2\/product"}],"about":[{"href":"https:\/\/aegean.al\/index.php\/wp-json\/wp\/v2\/types\/product"}],"wp:featuredmedia":[{"embeddable":true,"href":"https:\/\/aegean.al\/index.php\/wp-json\/wp\/v2\/media\/4579"}],"wp:attachment":[{"href":"https:\/\/aegean.al\/index.php\/wp-json\/wp\/v2\/media?parent=3647"}],"wp:term":[{"taxonomy":"product_brand","embeddable":true,"href":"https:\/\/aegean.al\/index.php\/wp-json\/wp\/v2\/product_brand?post=3647"},{"taxonomy":"product_cat","embeddable":true,"href":"https:\/\/aegean.al\/index.php\/wp-json\/wp\/v2\/product_cat?post=3647"},{"taxonomy":"product_tag","embeddable":true,"href":"https:\/\/aegean.al\/index.php\/wp-json\/wp\/v2\/product_tag?post=3647"}],"curies":[{"name":"wp","href":"https:\/\/api.w.org\/{rel}","templated":true}]}}