{"id":4042,"date":"2020-01-23T14:35:16","date_gmt":"2020-01-23T14:35:16","guid":{"rendered":"https:\/\/rejs.al\/?post_type=product&#038;p=4042"},"modified":"2021-06-25T13:47:19","modified_gmt":"2021-06-25T13:47:19","slug":"lux","status":"publish","type":"product","link":"https:\/\/aegean.al\/index.php\/product\/lux\/","title":{"rendered":"Lux Set \u00c7ar\u00e7af"},"content":{"rendered":"<p><span style=\"font-weight: 400\">100% Pambuk<\/span><br \/>\n<span style=\"font-weight: 400\">Antialergjik<\/span><br \/>\n<span style=\"font-weight: 400\">Antibakterial\u00a0<\/span><\/p>\n<p><strong><span style=\"color: gray\">\u00c7ar\u00e7af<br \/>\n<\/span><\/strong><span style=\"color: gray\">Fleta e siperme: 170\u00d7265<\/span><span style=\"color: gray\"><span style=\"color: #808080\">\u00a0\/ 250\u00d7265 <\/span><br \/>\nFleta e poshtme: 170\u00d7265<span style=\"color: #808080\">\u00a0\/ 250\u00d7265 <\/span><br \/>\nK\u00ebll\u00ebf\u00eb Jast\u00ebku: 50&#215;75 (1) \/\u00a050&#215;75 (2)<\/span><\/p>\n<p><strong><span style=\"color: gray\">Zarf<\/span><\/strong><br \/>\n<span style=\"color: gray\">Zarfi: 170&#215;250<\/span><span style=\"color: #808080\">\u00a0\/ <span style=\"color: gray\">230&#215;250<\/span><\/span><br \/>\n<span style=\"color: gray\">Fleta e poshtme: 170&#215;265 \/ 240\u00d7265\u00a0<\/span><br \/>\n<span style=\"color: gray\">K\u00ebll\u00ebf\u00eb Jast\u00ebku: 520&#215;75 (1) \/\u00a050&#215;75 (2)<\/span><\/p>\n","protected":false},"excerpt":{"rendered":"<p><span style=\"font-weight: 400\">\u201cLux\u201d, nj\u00eb linj\u00eb elegante \u00e7ar\u00e7af\u00ebsh dhe plot ngjyra!<\/span><\/p>\n","protected":false},"featured_media":4998,"template":"","meta":[],"product_brand":[],"product_cat":[19,84],"product_tag":[301,302,442,306,298,300,303,309,307],"class_list":{"0":"post-4042","1":"product","2":"type-product","3":"status-publish","4":"has-post-thumbnail","6":"product_cat-dhome-gjumi-carcafe","7":"product_cat-dhome-gjumi","8":"product_tag-100-pambuk","9":"product_tag-carcafe","10":"product_tag-carcafe-dopjo","11":"product_tag-carcafe-tek","12":"product_tag-komplet-carcafi","13":"product_tag-komplet-zarfi","14":"product_tag-zarf","15":"product_tag-zarf-dopjo","16":"product_tag-zarf-tek","17":"description-off","19":"first","20":"instock","21":"shipping-taxable","22":"purchasable","23":"product-type-variable"},"_links":{"self":[{"href":"https:\/\/aegean.al\/index.php\/wp-json\/wp\/v2\/product\/4042","targetHints":{"allow":["GET"]}}],"collection":[{"href":"https:\/\/aegean.al\/index.php\/wp-json\/wp\/v2\/product"}],"about":[{"href":"https:\/\/aegean.al\/index.php\/wp-json\/wp\/v2\/types\/product"}],"wp:featuredmedia":[{"embeddable":true,"href":"https:\/\/aegean.al\/index.php\/wp-json\/wp\/v2\/media\/4998"}],"wp:attachment":[{"href":"https:\/\/aegean.al\/index.php\/wp-json\/wp\/v2\/media?parent=4042"}],"wp:term":[{"taxonomy":"product_brand","embeddable":true,"href":"https:\/\/aegean.al\/index.php\/wp-json\/wp\/v2\/product_brand?post=4042"},{"taxonomy":"product_cat","embeddable":true,"href":"https:\/\/aegean.al\/index.php\/wp-json\/wp\/v2\/product_cat?post=4042"},{"taxonomy":"product_tag","embeddable":true,"href":"https:\/\/aegean.al\/index.php\/wp-json\/wp\/v2\/product_tag?post=4042"}],"curies":[{"name":"wp","href":"https:\/\/api.w.org\/{rel}","templated":true}]}}