{"id":4064,"date":"2020-01-24T09:27:52","date_gmt":"2020-01-24T09:27:52","guid":{"rendered":"https:\/\/rejs.al\/?post_type=product&#038;p=4064"},"modified":"2021-07-05T10:18:00","modified_gmt":"2021-07-05T10:18:00","slug":"color-set-carcaf","status":"publish","type":"product","link":"https:\/\/aegean.al\/index.php\/product\/color-set-carcaf\/","title":{"rendered":"Color Set \u00c7ar\u00e7af"},"content":{"rendered":"<p><span style=\"font-weight: 400\">100% Pambuk<\/span><br \/>\n<span style=\"font-weight: 400\">Antialergjik<\/span><br \/>\n<span style=\"font-weight: 400\">Antibakterial\u00a0<\/span><\/p>\n<p><strong><span style=\"color: gray\">\u00c7ar\u00e7af<br \/>\n<\/span><\/strong><span style=\"color: gray\">Fleta e siperme: 185\u00d7265<\/span><span style=\"color: gray\"><span style=\"color: #808080\">\u00a0\/ 280\u00d7265 <\/span><br \/>\nFleta e poshtme: 185\u00d7265<span style=\"color: #808080\">\u00a0\/ 280\u00d7265 <\/span><br \/>\nK\u00ebll\u00ebf\u00eb Jast\u00ebku: 50&#215;75 (1) \/\u00a050&#215;75 (2)<\/span><\/p>\n","protected":false},"excerpt":{"rendered":"<p><span style=\"font-weight: 400\">Linja njengjyreshe \u201cColor\u201d<\/span><\/p>\n","protected":false},"featured_media":5040,"template":"","meta":[],"product_brand":[],"product_cat":[19,84],"product_tag":[301,302,442,306,298],"class_list":{"0":"post-4064","1":"product","2":"type-product","3":"status-publish","4":"has-post-thumbnail","6":"product_cat-dhome-gjumi-carcafe","7":"product_cat-dhome-gjumi","8":"product_tag-100-pambuk","9":"product_tag-carcafe","10":"product_tag-carcafe-dopjo","11":"product_tag-carcafe-tek","12":"product_tag-komplet-carcafi","13":"description-off","15":"first","16":"instock","17":"shipping-taxable","18":"purchasable","19":"product-type-variable"},"_links":{"self":[{"href":"https:\/\/aegean.al\/index.php\/wp-json\/wp\/v2\/product\/4064","targetHints":{"allow":["GET"]}}],"collection":[{"href":"https:\/\/aegean.al\/index.php\/wp-json\/wp\/v2\/product"}],"about":[{"href":"https:\/\/aegean.al\/index.php\/wp-json\/wp\/v2\/types\/product"}],"wp:featuredmedia":[{"embeddable":true,"href":"https:\/\/aegean.al\/index.php\/wp-json\/wp\/v2\/media\/5040"}],"wp:attachment":[{"href":"https:\/\/aegean.al\/index.php\/wp-json\/wp\/v2\/media?parent=4064"}],"wp:term":[{"taxonomy":"product_brand","embeddable":true,"href":"https:\/\/aegean.al\/index.php\/wp-json\/wp\/v2\/product_brand?post=4064"},{"taxonomy":"product_cat","embeddable":true,"href":"https:\/\/aegean.al\/index.php\/wp-json\/wp\/v2\/product_cat?post=4064"},{"taxonomy":"product_tag","embeddable":true,"href":"https:\/\/aegean.al\/index.php\/wp-json\/wp\/v2\/product_tag?post=4064"}],"curies":[{"name":"wp","href":"https:\/\/api.w.org\/{rel}","templated":true}]}}