{"id":4208,"date":"2020-02-19T08:55:43","date_gmt":"2020-02-19T08:55:43","guid":{"rendered":"https:\/\/rejs.al\/?post_type=product&#038;p=4208"},"modified":"2021-06-25T14:17:17","modified_gmt":"2021-06-25T14:17:17","slug":"batanije-605","status":"publish","type":"product","link":"https:\/\/aegean.al\/index.php\/product\/batanije-605\/","title":{"rendered":"Batanije 605"},"content":{"rendered":"<p><strong>Tek:<\/strong> 160&#215;240<br \/>\n<strong>Dopjo:<\/strong> 220&#215;240<\/p>\n","protected":false},"excerpt":{"rendered":"<p>Batanije<span style=\"font-weight: 400\">\u00a0t\u00eb plota dhe me pellush nga nj\u00eb an\u00eb. Nj\u00eb ngroht\u00ebsi e pap\u00ebrshkrueshme gjat\u00eb stin\u00ebs s\u00eb ftoht\u00eb t\u00eb dimrit. Mund t\u00eb p\u00ebrdoret dhe si jorgan gjithashtu!<\/span><\/p>\n","protected":false},"featured_media":5005,"template":"","meta":[],"product_brand":[],"product_cat":[17,84],"product_tag":[414,415],"class_list":{"0":"post-4208","1":"product","2":"type-product","3":"status-publish","4":"has-post-thumbnail","6":"product_cat-dhome-gjumi-batanije","7":"product_cat-dhome-gjumi","8":"product_tag-batanije","9":"product_tag-supersoft","10":"description-off","12":"first","13":"instock","14":"shipping-taxable","15":"purchasable","16":"product-type-variable"},"_links":{"self":[{"href":"https:\/\/aegean.al\/index.php\/wp-json\/wp\/v2\/product\/4208","targetHints":{"allow":["GET"]}}],"collection":[{"href":"https:\/\/aegean.al\/index.php\/wp-json\/wp\/v2\/product"}],"about":[{"href":"https:\/\/aegean.al\/index.php\/wp-json\/wp\/v2\/types\/product"}],"wp:featuredmedia":[{"embeddable":true,"href":"https:\/\/aegean.al\/index.php\/wp-json\/wp\/v2\/media\/5005"}],"wp:attachment":[{"href":"https:\/\/aegean.al\/index.php\/wp-json\/wp\/v2\/media?parent=4208"}],"wp:term":[{"taxonomy":"product_brand","embeddable":true,"href":"https:\/\/aegean.al\/index.php\/wp-json\/wp\/v2\/product_brand?post=4208"},{"taxonomy":"product_cat","embeddable":true,"href":"https:\/\/aegean.al\/index.php\/wp-json\/wp\/v2\/product_cat?post=4208"},{"taxonomy":"product_tag","embeddable":true,"href":"https:\/\/aegean.al\/index.php\/wp-json\/wp\/v2\/product_tag?post=4208"}],"curies":[{"name":"wp","href":"https:\/\/api.w.org\/{rel}","templated":true}]}}