{"id":4220,"date":"2020-04-28T11:48:00","date_gmt":"2020-04-28T11:48:00","guid":{"rendered":"https:\/\/rejs.al\/?post_type=product&#038;p=4220"},"modified":"2021-07-05T11:57:03","modified_gmt":"2021-07-05T11:57:03","slug":"a180-01","status":"publish","type":"product","link":"https:\/\/aegean.al\/index.php\/product\/a180-01\/","title":{"rendered":"A180 Mbules\u00eb Krevati"},"content":{"rendered":"<p>100% Pambuk<\/p>\n<p><strong>Tek:<\/strong> 160&#215;240 \/ K\u00ebll\u00ebf Jast\u00ebku 50&#215;70 (1)<br \/>\n<strong>Dopjo:<\/strong> 230&#215;250 \/ K\u00ebll\u00ebf\u00eb Jast\u00ebku 50&#215;70 (2)<\/p>\n","protected":false},"excerpt":{"rendered":"<p><span style=\"font-weight: 400\">Mbulesa e krevati n\u00eb nj\u00eb stil t\u00eb ve\u00e7ant\u00eb dhe t\u00eb k\u00ebndsh\u00ebm, praktike n\u00eb p\u00ebrdorim, dhe me nj\u00eb shum\u00ebllojshm\u00ebri modelesh!<\/span><\/p>\n","protected":false},"featured_media":4225,"template":"","meta":[],"product_brand":[],"product_cat":[84,24],"product_tag":[301,455,448,304,456],"class_list":{"0":"post-4220","1":"product","2":"type-product","3":"status-publish","4":"has-post-thumbnail","6":"product_cat-dhome-gjumi","7":"product_cat-dhome-gjumi-mbulesa-krevati","8":"product_tag-100-pambuk","9":"product_tag-dopjo","10":"product_tag-kuverte","11":"product_tag-mbulese-krevati","12":"product_tag-tek","13":"description-off","15":"first","16":"instock","17":"shipping-taxable","18":"purchasable","19":"product-type-variable"},"_links":{"self":[{"href":"https:\/\/aegean.al\/index.php\/wp-json\/wp\/v2\/product\/4220","targetHints":{"allow":["GET"]}}],"collection":[{"href":"https:\/\/aegean.al\/index.php\/wp-json\/wp\/v2\/product"}],"about":[{"href":"https:\/\/aegean.al\/index.php\/wp-json\/wp\/v2\/types\/product"}],"wp:featuredmedia":[{"embeddable":true,"href":"https:\/\/aegean.al\/index.php\/wp-json\/wp\/v2\/media\/4225"}],"wp:attachment":[{"href":"https:\/\/aegean.al\/index.php\/wp-json\/wp\/v2\/media?parent=4220"}],"wp:term":[{"taxonomy":"product_brand","embeddable":true,"href":"https:\/\/aegean.al\/index.php\/wp-json\/wp\/v2\/product_brand?post=4220"},{"taxonomy":"product_cat","embeddable":true,"href":"https:\/\/aegean.al\/index.php\/wp-json\/wp\/v2\/product_cat?post=4220"},{"taxonomy":"product_tag","embeddable":true,"href":"https:\/\/aegean.al\/index.php\/wp-json\/wp\/v2\/product_tag?post=4220"}],"curies":[{"name":"wp","href":"https:\/\/api.w.org\/{rel}","templated":true}]}}