{"id":4919,"date":"2021-06-25T11:25:00","date_gmt":"2021-06-25T11:25:00","guid":{"rendered":"https:\/\/rejs.al\/?post_type=product&#038;p=4919"},"modified":"2021-06-25T11:25:30","modified_gmt":"2021-06-25T11:25:30","slug":"spring-summer-14","status":"publish","type":"product","link":"https:\/\/aegean.al\/index.php\/product\/spring-summer-14\/","title":{"rendered":"NEW COLLECTION Set \u00c7ar\u00e7afi Spring &#8211; Summer"},"content":{"rendered":"<p><span style=\"font-weight: 400\">100% Pambuk<\/span><br \/>\n<span style=\"font-weight: 400\">Antialergjik<\/span><br \/>\n<span style=\"font-weight: 400\">Antibakterial\u00a0<\/span><\/p>\n<p><strong><span style=\"color: gray\">\u00c7ar\u00e7af<br \/>\n<\/span><\/strong><span style=\"color: gray\">Fleta e sip\u00ebrme &amp;\u00a0<\/span><span style=\"color: gray\">e poshtme: 160 x 240<br \/>\nK\u00ebll\u00ebf\u00eb Jast\u00ebku: 52&#215;75 (1)<\/span><\/p>\n<p><strong>Zarf<\/strong><br \/>\nZarfi:\u00a0180\u00d7240<br \/>\nFleta e poshtme: 160\u00d7240<br \/>\nK\u00ebll\u00ebf\u00eb Jast\u00ebku: 52\u00d775 (1)<\/p>\n","protected":false},"excerpt":{"rendered":"<p>NEW COLLECTION<\/p>\n<p>Vet\u00ebm p\u00ebr ju, linja Spring &#8211; Summer! Nj\u00eb linj\u00eb elegante, plot jet\u00eb dhe ngjyra!<\/p>\n","protected":false},"featured_media":4922,"template":"","meta":[],"product_brand":[],"product_cat":[68,71],"product_tag":[301,302,311,306,298,300,303,312,307],"class_list":{"0":"post-4919","1":"product","2":"type-product","3":"status-publish","4":"has-post-thumbnail","6":"product_cat-bota-e-femijeve","7":"product_cat-bota-femijeve-komplet-carcafi","8":"product_tag-100-pambuk","9":"product_tag-carcafe","10":"product_tag-carcaf-per-femije","11":"product_tag-carcafe-tek","12":"product_tag-komplet-carcafi","13":"product_tag-komplet-zarfi","14":"product_tag-zarf","15":"product_tag-zarf-per-femije","16":"product_tag-zarf-tek","17":"description-off","19":"first","20":"instock","21":"shipping-taxable","22":"purchasable","23":"product-type-variable"},"_links":{"self":[{"href":"https:\/\/aegean.al\/index.php\/wp-json\/wp\/v2\/product\/4919","targetHints":{"allow":["GET"]}}],"collection":[{"href":"https:\/\/aegean.al\/index.php\/wp-json\/wp\/v2\/product"}],"about":[{"href":"https:\/\/aegean.al\/index.php\/wp-json\/wp\/v2\/types\/product"}],"wp:featuredmedia":[{"embeddable":true,"href":"https:\/\/aegean.al\/index.php\/wp-json\/wp\/v2\/media\/4922"}],"wp:attachment":[{"href":"https:\/\/aegean.al\/index.php\/wp-json\/wp\/v2\/media?parent=4919"}],"wp:term":[{"taxonomy":"product_brand","embeddable":true,"href":"https:\/\/aegean.al\/index.php\/wp-json\/wp\/v2\/product_brand?post=4919"},{"taxonomy":"product_cat","embeddable":true,"href":"https:\/\/aegean.al\/index.php\/wp-json\/wp\/v2\/product_cat?post=4919"},{"taxonomy":"product_tag","embeddable":true,"href":"https:\/\/aegean.al\/index.php\/wp-json\/wp\/v2\/product_tag?post=4919"}],"curies":[{"name":"wp","href":"https:\/\/api.w.org\/{rel}","templated":true}]}}