{"id":4932,"date":"2021-06-25T11:53:53","date_gmt":"2021-06-25T11:53:53","guid":{"rendered":"https:\/\/rejs.al\/?post_type=product&#038;p=4932"},"modified":"2021-06-25T11:54:50","modified_gmt":"2021-06-25T11:54:50","slug":"fanellate-02","status":"publish","type":"product","link":"https:\/\/aegean.al\/index.php\/product\/fanellate-02\/","title":{"rendered":"Flan Set \u00c7ar\u00e7af Fanellat\u00eb"},"content":{"rendered":"<p><span style=\"font-weight: 400\">100% Pambuk\u00a0Fanellat\u00eb<\/span><br \/>\n<span style=\"font-weight: 400\">Antialergjik<\/span><br \/>\n<span style=\"font-weight: 400\">Antibakterial\u00a0<\/span><\/p>\n<p><strong><span style=\"color: gray\">\u00c7ar\u00e7af<\/span><\/strong><br \/>\n<span style=\"color: gray\">Fleta e sip\u00ebrme:\u00a0<\/span>170&#215;265<span style=\"color: gray\">\u00a0\/ 250&#215;265<\/span><br \/>\n<span style=\"color: gray\">Fleta e poshtme: 170&#215;265 \/ 250&#215;265<br \/>\nK\u00ebll\u00ebf\u00eb Jast\u00ebku: 50&#215;75 (1) \/ 50&#215;75 (2)<\/span><\/p>\n<p><strong><span style=\"color: gray\">Zarf<\/span><\/strong><br \/>\n<span style=\"color: gray\">Zarfi: 170&#215;265 <\/span><span style=\"color: #808080\">\u00a0\/ 230&#215;250<\/span><span style=\"color: gray\">\u00a0<\/span><br \/>\n<span style=\"color: gray\">Fleta e poshtme: 170&#215;265 \/\u00a0240&#215;265 <\/span><br \/>\n<span style=\"color: gray\">K\u00ebll\u00ebf\u00eb Jast\u00ebku: 52&#215;75 (1) \/\u00a052&#215;75 (2)<\/span><\/p>\n","protected":false},"excerpt":{"rendered":"<p><span style=\"font-weight: 400\">Set \u00e7ar\u00e7af\u00ebsh me nd\u00ebrthurje fantastike ngjyrash dhe modelesh! Mbi t\u00eb gjitha, jan\u00eb t\u00eb buta dhe t\u00eb ngrohta!<\/span><\/p>\n","protected":false},"featured_media":4937,"template":"","meta":[],"product_brand":[],"product_cat":[19,84],"product_tag":[446,302,442,306,298,300,303,309,307],"class_list":{"0":"post-4932","1":"product","2":"type-product","3":"status-publish","4":"has-post-thumbnail","6":"product_cat-dhome-gjumi-carcafe","7":"product_cat-dhome-gjumi","8":"product_tag-100-pambuk-fanellate","9":"product_tag-carcafe","10":"product_tag-carcafe-dopjo","11":"product_tag-carcafe-tek","12":"product_tag-komplet-carcafi","13":"product_tag-komplet-zarfi","14":"product_tag-zarf","15":"product_tag-zarf-dopjo","16":"product_tag-zarf-tek","17":"description-off","19":"first","20":"instock","21":"sale","22":"shipping-taxable","23":"purchasable","24":"product-type-variable"},"_links":{"self":[{"href":"https:\/\/aegean.al\/index.php\/wp-json\/wp\/v2\/product\/4932","targetHints":{"allow":["GET"]}}],"collection":[{"href":"https:\/\/aegean.al\/index.php\/wp-json\/wp\/v2\/product"}],"about":[{"href":"https:\/\/aegean.al\/index.php\/wp-json\/wp\/v2\/types\/product"}],"wp:featuredmedia":[{"embeddable":true,"href":"https:\/\/aegean.al\/index.php\/wp-json\/wp\/v2\/media\/4937"}],"wp:attachment":[{"href":"https:\/\/aegean.al\/index.php\/wp-json\/wp\/v2\/media?parent=4932"}],"wp:term":[{"taxonomy":"product_brand","embeddable":true,"href":"https:\/\/aegean.al\/index.php\/wp-json\/wp\/v2\/product_brand?post=4932"},{"taxonomy":"product_cat","embeddable":true,"href":"https:\/\/aegean.al\/index.php\/wp-json\/wp\/v2\/product_cat?post=4932"},{"taxonomy":"product_tag","embeddable":true,"href":"https:\/\/aegean.al\/index.php\/wp-json\/wp\/v2\/product_tag?post=4932"}],"curies":[{"name":"wp","href":"https:\/\/api.w.org\/{rel}","templated":true}]}}