{"id":4943,"date":"2021-06-25T12:45:39","date_gmt":"2021-06-25T12:45:39","guid":{"rendered":"https:\/\/rejs.al\/?post_type=product&#038;p=4943"},"modified":"2021-06-25T12:47:48","modified_gmt":"2021-06-25T12:47:48","slug":"garden-02","status":"publish","type":"product","link":"https:\/\/aegean.al\/index.php\/product\/garden-02\/","title":{"rendered":"NEW COLLECTION Set \u00c7ar\u00e7af Garden"},"content":{"rendered":"<p>100% Pambuk Saten<br \/>\n<span style=\"font-weight: 400\">Antialergjik<\/span><br \/>\n<span style=\"font-weight: 400\">Antibakterial\u00a0<\/span><\/p>\n<p><strong><span style=\"color: gray\">\u00c7ar\u00e7af<br \/>\n<\/span><\/strong><span style=\"color: gray\">Fleta e siperme: 170&#215;260<\/span><span style=\"color: gray\"><span style=\"color: #808080\">\u00a0\/ 230&#215;260<\/span><br \/>\nFleta e poshtme: 170&#215;260<span style=\"color: #808080\">\u00a0\/ 230&#215;260<\/span><br \/>\nK\u00ebll\u00ebf\u00eb Jast\u00ebku: 52&#215;70 +\u00a05cm Oxford (1) \/\u00a052&#215;70\u00a0+\u00a05cm Oxford (2)<\/span><\/p>\n<p><strong><span style=\"color: gray\">Zarf<\/span><\/strong><br \/>\n<span style=\"color: gray\">Zarfi: 170&#215;250<\/span><span style=\"color: #808080\">\u00a0\/ 230&#215;250<\/span><span style=\"color: gray\">\u00a0<\/span><br \/>\n<span style=\"color: gray\">Fleta e poshtme: 170&#215;260 \/ 230&#215;260<\/span><br \/>\n<span style=\"color: gray\">K\u00ebll\u00ebf\u00eb Jast\u00ebku: 52&#215;70 +\u00a05cm Oxford (1) \/\u00a052&#215;70 +\u00a05cm Oxford (2)<\/span><\/p>\n","protected":false},"excerpt":{"rendered":"<p>&#8220;Garden&#8221;, nj\u00eb koleksion i mrekulluesh\u00ebm q\u00eb ashtu si dhe vet\u00eb emri do ta kthej\u00eb dhomen tuaj n\u00eb nj\u00eb kopsht pranvere!<\/p>\n","protected":false},"featured_media":4948,"template":"","meta":[],"product_brand":[],"product_cat":[19,84],"product_tag":[447,302,442,298,300,303,309],"class_list":{"0":"post-4943","1":"product","2":"type-product","3":"status-publish","4":"has-post-thumbnail","6":"product_cat-dhome-gjumi-carcafe","7":"product_cat-dhome-gjumi","8":"product_tag-100-pambuk-saten","9":"product_tag-carcafe","10":"product_tag-carcafe-dopjo","11":"product_tag-komplet-carcafi","12":"product_tag-komplet-zarfi","13":"product_tag-zarf","14":"product_tag-zarf-dopjo","15":"description-off","17":"first","18":"instock","19":"shipping-taxable","20":"purchasable","21":"product-type-variable"},"_links":{"self":[{"href":"https:\/\/aegean.al\/index.php\/wp-json\/wp\/v2\/product\/4943","targetHints":{"allow":["GET"]}}],"collection":[{"href":"https:\/\/aegean.al\/index.php\/wp-json\/wp\/v2\/product"}],"about":[{"href":"https:\/\/aegean.al\/index.php\/wp-json\/wp\/v2\/types\/product"}],"wp:featuredmedia":[{"embeddable":true,"href":"https:\/\/aegean.al\/index.php\/wp-json\/wp\/v2\/media\/4948"}],"wp:attachment":[{"href":"https:\/\/aegean.al\/index.php\/wp-json\/wp\/v2\/media?parent=4943"}],"wp:term":[{"taxonomy":"product_brand","embeddable":true,"href":"https:\/\/aegean.al\/index.php\/wp-json\/wp\/v2\/product_brand?post=4943"},{"taxonomy":"product_cat","embeddable":true,"href":"https:\/\/aegean.al\/index.php\/wp-json\/wp\/v2\/product_cat?post=4943"},{"taxonomy":"product_tag","embeddable":true,"href":"https:\/\/aegean.al\/index.php\/wp-json\/wp\/v2\/product_tag?post=4943"}],"curies":[{"name":"wp","href":"https:\/\/api.w.org\/{rel}","templated":true}]}}