{"id":5033,"date":"2021-07-05T09:36:22","date_gmt":"2021-07-05T09:36:22","guid":{"rendered":"https:\/\/rejs.al\/?post_type=product&#038;p=5033"},"modified":"2021-07-05T09:37:22","modified_gmt":"2021-07-05T09:37:22","slug":"set-carcaf-life-02","status":"publish","type":"product","link":"https:\/\/aegean.al\/index.php\/product\/set-carcaf-life-02\/","title":{"rendered":"NEW COLLECTION Set \u00c7ar\u00e7af Life"},"content":{"rendered":"<p>100% Pambuk<br \/>\n<span style=\"font-weight: 400\">Antialergjik<\/span><br \/>\n<span style=\"font-weight: 400\">Antibakterial\u00a0<\/span><\/p>\n<p><strong><span style=\"color: gray\">\u00c7ar\u00e7af<br \/>\n<\/span><\/strong><span style=\"color: gray\">Kuverta: 220 x 240\u00a0<\/span><span style=\"color: gray\"><span style=\"color: #808080\">\u00a0<\/span><br \/>\nCarcaf i poshtem: 240 x 260<\/span><span style=\"color: gray\"><br \/>\nK\u00ebll\u00ebf\u00eb Jast\u00ebku: 50 x 70 (2)<\/span><\/p>\n","protected":false},"excerpt":{"rendered":"<p>Modelet me te reja te linjes Egjeu, &#8220;Life&#8221;!\u00a0Nje set teper fin, elegant e plot ngjyra!<\/p>\n","protected":false},"featured_media":5035,"template":"","meta":[],"product_brand":[],"product_cat":[19,84],"product_tag":[301,302,442,298,448,449],"class_list":{"0":"post-5033","1":"product","2":"type-product","3":"status-publish","4":"has-post-thumbnail","6":"product_cat-dhome-gjumi-carcafe","7":"product_cat-dhome-gjumi","8":"product_tag-100-pambuk","9":"product_tag-carcafe","10":"product_tag-carcafe-dopjo","11":"product_tag-komplet-carcafi","12":"product_tag-kuverte","13":"product_tag-pike","14":"description-off","16":"first","17":"instock","18":"shipping-taxable","19":"purchasable","20":"product-type-variable"},"_links":{"self":[{"href":"https:\/\/aegean.al\/index.php\/wp-json\/wp\/v2\/product\/5033","targetHints":{"allow":["GET"]}}],"collection":[{"href":"https:\/\/aegean.al\/index.php\/wp-json\/wp\/v2\/product"}],"about":[{"href":"https:\/\/aegean.al\/index.php\/wp-json\/wp\/v2\/types\/product"}],"wp:featuredmedia":[{"embeddable":true,"href":"https:\/\/aegean.al\/index.php\/wp-json\/wp\/v2\/media\/5035"}],"wp:attachment":[{"href":"https:\/\/aegean.al\/index.php\/wp-json\/wp\/v2\/media?parent=5033"}],"wp:term":[{"taxonomy":"product_brand","embeddable":true,"href":"https:\/\/aegean.al\/index.php\/wp-json\/wp\/v2\/product_brand?post=5033"},{"taxonomy":"product_cat","embeddable":true,"href":"https:\/\/aegean.al\/index.php\/wp-json\/wp\/v2\/product_cat?post=5033"},{"taxonomy":"product_tag","embeddable":true,"href":"https:\/\/aegean.al\/index.php\/wp-json\/wp\/v2\/product_tag?post=5033"}],"curies":[{"name":"wp","href":"https:\/\/api.w.org\/{rel}","templated":true}]}}