{"id":5064,"date":"2021-07-05T11:43:20","date_gmt":"2021-07-05T11:43:20","guid":{"rendered":"https:\/\/rejs.al\/?post_type=product&#038;p=5064"},"modified":"2021-07-05T11:43:21","modified_gmt":"2021-07-05T11:43:21","slug":"elegant-jorgan","status":"publish","type":"product","link":"https:\/\/aegean.al\/index.php\/product\/elegant-jorgan\/","title":{"rendered":"Elegant Jorgan"},"content":{"rendered":"<p>100% Pambuk Saten<br \/>\nMbushja Fib\u00ebr Ball, antialergjike dhe antibakteriale<\/p>\n<p><strong>Tek:<\/strong> 170&#215;240<br \/>\n<strong>Dopjo:<\/strong> 220&#215;240<\/p>\n","protected":false},"excerpt":{"rendered":"<p>Linja Elegant p\u00ebr t\u00eb gjith\u00eb admiruesit e ngjyrave!\u00a0Mund t\u00eb p\u00ebrdoret nga t\u00eb dyja an\u00ebt.<\/p>\n","protected":false},"featured_media":5066,"template":"","meta":[],"product_brand":[],"product_cat":[84,21],"product_tag":[447,313,457,314],"class_list":{"0":"post-5064","1":"product","2":"type-product","3":"status-publish","4":"has-post-thumbnail","6":"product_cat-dhome-gjumi","7":"product_cat-dhome-gjumi-jorgan","8":"product_tag-100-pambuk-saten","9":"product_tag-jorgan","10":"product_tag-jorgan-dopjo","11":"product_tag-jorgan-tek","12":"description-off","14":"first","15":"instock","16":"shipping-taxable","17":"purchasable","18":"product-type-variable"},"_links":{"self":[{"href":"https:\/\/aegean.al\/index.php\/wp-json\/wp\/v2\/product\/5064","targetHints":{"allow":["GET"]}}],"collection":[{"href":"https:\/\/aegean.al\/index.php\/wp-json\/wp\/v2\/product"}],"about":[{"href":"https:\/\/aegean.al\/index.php\/wp-json\/wp\/v2\/types\/product"}],"wp:featuredmedia":[{"embeddable":true,"href":"https:\/\/aegean.al\/index.php\/wp-json\/wp\/v2\/media\/5066"}],"wp:attachment":[{"href":"https:\/\/aegean.al\/index.php\/wp-json\/wp\/v2\/media?parent=5064"}],"wp:term":[{"taxonomy":"product_brand","embeddable":true,"href":"https:\/\/aegean.al\/index.php\/wp-json\/wp\/v2\/product_brand?post=5064"},{"taxonomy":"product_cat","embeddable":true,"href":"https:\/\/aegean.al\/index.php\/wp-json\/wp\/v2\/product_cat?post=5064"},{"taxonomy":"product_tag","embeddable":true,"href":"https:\/\/aegean.al\/index.php\/wp-json\/wp\/v2\/product_tag?post=5064"}],"curies":[{"name":"wp","href":"https:\/\/api.w.org\/{rel}","templated":true}]}}