{"id":5086,"date":"2021-07-05T13:12:15","date_gmt":"2021-07-05T13:12:15","guid":{"rendered":"https:\/\/rejs.al\/?post_type=product&#038;p=5086"},"modified":"2021-07-05T13:13:02","modified_gmt":"2021-07-05T13:13:02","slug":"5086","status":"publish","type":"product","link":"https:\/\/aegean.al\/index.php\/product\/5086\/","title":{"rendered":""},"content":{"rendered":"","protected":false},"excerpt":{"rendered":"<p>Batanije Supersoft per bebushat tuaj! Ju ofrojm\u00eb but\u00ebsi dhe ngroht\u00ebsi.<\/p>\n","protected":false},"featured_media":0,"template":"","meta":[],"product_brand":[],"product_cat":[76,68],"product_tag":[],"class_list":{"0":"post-5086","1":"product","2":"type-product","3":"status-publish","5":"product_cat-bota-femijeve-batanije","6":"product_cat-bota-e-femijeve","7":"description-off","9":"first","10":"instock","11":"shipping-taxable","12":"product-type-variable"},"_links":{"self":[{"href":"https:\/\/aegean.al\/index.php\/wp-json\/wp\/v2\/product\/5086","targetHints":{"allow":["GET"]}}],"collection":[{"href":"https:\/\/aegean.al\/index.php\/wp-json\/wp\/v2\/product"}],"about":[{"href":"https:\/\/aegean.al\/index.php\/wp-json\/wp\/v2\/types\/product"}],"wp:attachment":[{"href":"https:\/\/aegean.al\/index.php\/wp-json\/wp\/v2\/media?parent=5086"}],"wp:term":[{"taxonomy":"product_brand","embeddable":true,"href":"https:\/\/aegean.al\/index.php\/wp-json\/wp\/v2\/product_brand?post=5086"},{"taxonomy":"product_cat","embeddable":true,"href":"https:\/\/aegean.al\/index.php\/wp-json\/wp\/v2\/product_cat?post=5086"},{"taxonomy":"product_tag","embeddable":true,"href":"https:\/\/aegean.al\/index.php\/wp-json\/wp\/v2\/product_tag?post=5086"}],"curies":[{"name":"wp","href":"https:\/\/api.w.org\/{rel}","templated":true}]}}