{"id":623,"date":"2018-07-26T15:58:39","date_gmt":"2018-07-26T15:58:39","guid":{"rendered":"https:\/\/rejs.al\/?post_type=product&#038;p=623"},"modified":"2021-06-28T08:50:30","modified_gmt":"2021-06-28T08:50:30","slug":"k102-mbulese-krevati","status":"publish","type":"product","link":"https:\/\/aegean.al\/index.php\/product\/k102-mbulese-krevati\/","title":{"rendered":"K102 Mbules\u00eb Krevati"},"content":{"rendered":"<p><span style=\"font-weight: 400\">100% Pambuk<\/span><br \/>\n<span style=\"font-weight: 400\">Antialergjik<\/span><br \/>\n<span style=\"font-weight: 400\">Antibakterial\u00a0<\/span><\/p>\n<p><strong>Tek:<\/strong> 170 x 240<\/p>\n<p><strong>Dopjo:<\/strong> 230 x 250, 240 x 270<\/p>\n<p>&nbsp;<\/p>\n","protected":false},"excerpt":{"rendered":"<p>Jepini vetes komoditetin p\u00ebr t\u00eb cilin keni nevoj\u00eb! Mbulesa krevati me ngjyra t\u00eb ndryshme, nga nuancat e lehta deri te ngjyrat m\u00eb t\u00eb mbyllura .<\/p>\n","protected":false},"featured_media":5012,"template":"","meta":[],"product_brand":[],"product_cat":[24],"product_tag":[301,304],"class_list":{"0":"post-623","1":"product","2":"type-product","3":"status-publish","4":"has-post-thumbnail","6":"product_cat-dhome-gjumi-mbulesa-krevati","7":"product_tag-100-pambuk","8":"product_tag-mbulese-krevati","9":"description-off","11":"first","12":"instock","13":"shipping-taxable","14":"purchasable","15":"product-type-variable"},"_links":{"self":[{"href":"https:\/\/aegean.al\/index.php\/wp-json\/wp\/v2\/product\/623","targetHints":{"allow":["GET"]}}],"collection":[{"href":"https:\/\/aegean.al\/index.php\/wp-json\/wp\/v2\/product"}],"about":[{"href":"https:\/\/aegean.al\/index.php\/wp-json\/wp\/v2\/types\/product"}],"wp:featuredmedia":[{"embeddable":true,"href":"https:\/\/aegean.al\/index.php\/wp-json\/wp\/v2\/media\/5012"}],"wp:attachment":[{"href":"https:\/\/aegean.al\/index.php\/wp-json\/wp\/v2\/media?parent=623"}],"wp:term":[{"taxonomy":"product_brand","embeddable":true,"href":"https:\/\/aegean.al\/index.php\/wp-json\/wp\/v2\/product_brand?post=623"},{"taxonomy":"product_cat","embeddable":true,"href":"https:\/\/aegean.al\/index.php\/wp-json\/wp\/v2\/product_cat?post=623"},{"taxonomy":"product_tag","embeddable":true,"href":"https:\/\/aegean.al\/index.php\/wp-json\/wp\/v2\/product_tag?post=623"}],"curies":[{"name":"wp","href":"https:\/\/api.w.org\/{rel}","templated":true}]}}