{"id":879,"date":"2018-07-30T07:27:40","date_gmt":"2018-07-30T07:27:40","guid":{"rendered":"https:\/\/rejs.al\/?post_type=product&#038;p=879"},"modified":"2021-01-15T12:59:12","modified_gmt":"2021-01-15T12:59:12","slug":"bebe-pink","status":"publish","type":"product","link":"https:\/\/aegean.al\/index.php\/product\/bebe-pink\/","title":{"rendered":"1803"},"content":{"rendered":"<p><span style=\"font-weight: 400\">Kjo linje e carcafeve Fanellate eshte ne materialin 100% Pambuk.\u00a0 Anti-alergjik dhe anti-bakteriale duke ofruar nje ambjent gjumi te shendetshem dhe te sigurte, e bute, e ngrohte dhe nuk irriton lekuren.<\/span><\/p>\n<p>&nbsp;<\/p>\n<p><strong><span style=\"color: gray\">Kompleti carcafe teke p\u00ebrmban:<\/span><\/strong><\/p>\n<p style=\"margin: 0in;margin-bottom: .0001pt\"><span style=\"color: gray\">Fleta e siperme: <span style=\"font-weight: 400\">120&#215;180<\/span><\/span><\/p>\n<p><span style=\"color: gray\">Fleta e poshtme: <span style=\"font-weight: 400\">120&#215;180<\/span><\/span><br \/>\n<span style=\"color: gray\">1 K\u00ebll\u00ebf\u00eb Jast\u00ebku:\u00a0<span style=\"font-weight: 400\">35&#215;45<\/span><\/span><\/p>\n","protected":false},"excerpt":{"rendered":"<p>Komplet Carcafi Fanellate per Bebe<\/p>\n","protected":false},"featured_media":881,"template":"","meta":[],"product_brand":[],"product_cat":[68,71],"product_tag":[],"class_list":{"0":"post-879","1":"product","2":"type-product","3":"status-publish","4":"has-post-thumbnail","6":"product_cat-bota-e-femijeve","7":"product_cat-bota-femijeve-komplet-carcafi","8":"description-off","10":"first","11":"instock","12":"shipping-taxable","13":"product-type-simple"},"_links":{"self":[{"href":"https:\/\/aegean.al\/index.php\/wp-json\/wp\/v2\/product\/879","targetHints":{"allow":["GET"]}}],"collection":[{"href":"https:\/\/aegean.al\/index.php\/wp-json\/wp\/v2\/product"}],"about":[{"href":"https:\/\/aegean.al\/index.php\/wp-json\/wp\/v2\/types\/product"}],"wp:featuredmedia":[{"embeddable":true,"href":"https:\/\/aegean.al\/index.php\/wp-json\/wp\/v2\/media\/881"}],"wp:attachment":[{"href":"https:\/\/aegean.al\/index.php\/wp-json\/wp\/v2\/media?parent=879"}],"wp:term":[{"taxonomy":"product_brand","embeddable":true,"href":"https:\/\/aegean.al\/index.php\/wp-json\/wp\/v2\/product_brand?post=879"},{"taxonomy":"product_cat","embeddable":true,"href":"https:\/\/aegean.al\/index.php\/wp-json\/wp\/v2\/product_cat?post=879"},{"taxonomy":"product_tag","embeddable":true,"href":"https:\/\/aegean.al\/index.php\/wp-json\/wp\/v2\/product_tag?post=879"}],"curies":[{"name":"wp","href":"https:\/\/api.w.org\/{rel}","templated":true}]}}