{"id":889,"date":"2018-07-30T07:32:20","date_gmt":"2018-07-30T07:32:20","guid":{"rendered":"https:\/\/rejs.al\/?post_type=product&#038;p=889"},"modified":"2021-07-05T12:19:47","modified_gmt":"2021-07-05T12:19:47","slug":"0883","status":"publish","type":"product","link":"https:\/\/aegean.al\/index.php\/product\/0883\/","title":{"rendered":"0883 Mbules\u00eb Krevati"},"content":{"rendered":"<p>100% Pambuk<\/p>\n<p><strong>Tek:<\/strong> 160&#215;230<\/p>\n","protected":false},"excerpt":{"rendered":"<p>Mbules\u00eb krevati p\u00ebr f\u00ebmij\u00eb, super cil\u00ebsi dhe plot ngjyra!<\/p>\n","protected":false},"featured_media":891,"template":"","meta":[],"product_brand":[],"product_cat":[68,73],"product_tag":[301,448,304,459,456],"class_list":{"0":"post-889","1":"product","2":"type-product","3":"status-publish","4":"has-post-thumbnail","6":"product_cat-bota-e-femijeve","7":"product_cat-bota-femijeve-mbulese-krevati","8":"product_tag-100-pambuk","9":"product_tag-kuverte","10":"product_tag-mbulese-krevati","11":"product_tag-mbulese-krevati-per-femije","12":"product_tag-tek","13":"description-off","15":"first","16":"instock","17":"sale","18":"shipping-taxable","19":"purchasable","20":"product-type-variable"},"_links":{"self":[{"href":"https:\/\/aegean.al\/index.php\/wp-json\/wp\/v2\/product\/889","targetHints":{"allow":["GET"]}}],"collection":[{"href":"https:\/\/aegean.al\/index.php\/wp-json\/wp\/v2\/product"}],"about":[{"href":"https:\/\/aegean.al\/index.php\/wp-json\/wp\/v2\/types\/product"}],"wp:featuredmedia":[{"embeddable":true,"href":"https:\/\/aegean.al\/index.php\/wp-json\/wp\/v2\/media\/891"}],"wp:attachment":[{"href":"https:\/\/aegean.al\/index.php\/wp-json\/wp\/v2\/media?parent=889"}],"wp:term":[{"taxonomy":"product_brand","embeddable":true,"href":"https:\/\/aegean.al\/index.php\/wp-json\/wp\/v2\/product_brand?post=889"},{"taxonomy":"product_cat","embeddable":true,"href":"https:\/\/aegean.al\/index.php\/wp-json\/wp\/v2\/product_cat?post=889"},{"taxonomy":"product_tag","embeddable":true,"href":"https:\/\/aegean.al\/index.php\/wp-json\/wp\/v2\/product_tag?post=889"}],"curies":[{"name":"wp","href":"https:\/\/api.w.org\/{rel}","templated":true}]}}